{"id":2671,"date":"2024-03-28T00:11:14","date_gmt":"2024-03-27T22:11:14","guid":{"rendered":"https:\/\/www.quality.one\/?page_id=2671"},"modified":"2026-01-31T17:04:06","modified_gmt":"2026-01-31T15:04:06","slug":"managed-qa","status":"publish","type":"page","link":"https:\/\/www.quality.one\/en\/leistungen\/managed-qa\/","title":{"rendered":"Managed QA"},"content":{"rendered":"\t\t<div data-elementor-type=\"wp-page\" data-elementor-id=\"2671\" class=\"elementor elementor-2671\" data-elementor-post-type=\"page\">\n\t\t\t\t<div class=\"elementor-element elementor-element-1319455 e-flex e-con-boxed e-con e-parent\" data-id=\"1319455\" data-element_type=\"container\" data-e-type=\"container\" data-settings=\"{&quot;background_background&quot;:&quot;classic&quot;,&quot;jet_parallax_layout_list&quot;:[]}\">\n\t\t\t\t\t<div class=\"e-con-inner\">\n\t\t<div class=\"elementor-element elementor-element-546db43 e-flex e-con-boxed e-con e-child\" data-id=\"546db43\" data-element_type=\"container\" data-e-type=\"container\" data-settings=\"{&quot;jet_parallax_layout_list&quot;:[]}\">\n\t\t\t\t\t<div class=\"e-con-inner\">\n\t\t\t\t<div class=\"elementor-element elementor-element-31f9eae elementor-widget-divider--view-line elementor-widget elementor-widget-divider\" data-id=\"31f9eae\" data-element_type=\"widget\" data-e-type=\"widget\" data-widget_type=\"divider.default\">\n\t\t\t\t<div class=\"elementor-widget-container\">\n\t\t\t\t\t\t\t<div class=\"elementor-divider\">\n\t\t\t<span class=\"elementor-divider-separator\">\n\t\t\t\t\t\t<\/span>\n\t\t<\/div>\n\t\t\t\t\t\t<\/div>\n\t\t\t\t<\/div>\n\t\t\t\t<div class=\"elementor-element elementor-element-03f3e8c elementor-widget elementor-widget-heading\" data-id=\"03f3e8c\" data-element_type=\"widget\" data-e-type=\"widget\" data-widget_type=\"heading.default\">\n\t\t\t\t<div class=\"elementor-widget-container\">\n\t\t\t\t\t<h1 class=\"elementor-heading-title elementor-size-default\">MANAGED QA\n<\/h1>\t\t\t\t<\/div>\n\t\t\t\t<\/div>\n\t\t\t\t\t<\/div>\n\t\t\t\t<\/div>\n\t\t\t\t\t<\/div>\n\t\t\t\t<\/div>\n\t\t\t\t<section class=\"elementor-section elementor-top-section elementor-element elementor-element-21cdd35 elementor-section-boxed elementor-section-height-default elementor-section-height-default\" data-id=\"21cdd35\" data-element_type=\"section\" data-e-type=\"section\" data-settings=\"{&quot;jet_parallax_layout_list&quot;:[{&quot;jet_parallax_layout_image&quot;:{&quot;url&quot;:&quot;&quot;,&quot;id&quot;:&quot;&quot;,&quot;size&quot;:&quot;&quot;},&quot;_id&quot;:&quot;d8b603d&quot;,&quot;jet_parallax_layout_image_tablet&quot;:{&quot;url&quot;:&quot;&quot;,&quot;id&quot;:&quot;&quot;,&quot;size&quot;:&quot;&quot;},&quot;jet_parallax_layout_image_mobile&quot;:{&quot;url&quot;:&quot;&quot;,&quot;id&quot;:&quot;&quot;,&quot;size&quot;:&quot;&quot;},&quot;jet_parallax_layout_speed&quot;:{&quot;unit&quot;:&quot;%&quot;,&quot;size&quot;:50,&quot;sizes&quot;:[]},&quot;jet_parallax_layout_type&quot;:&quot;scroll&quot;,&quot;jet_parallax_layout_direction&quot;:&quot;1&quot;,&quot;jet_parallax_layout_fx_direction&quot;:null,&quot;jet_parallax_layout_z_index&quot;:&quot;&quot;,&quot;jet_parallax_layout_bg_x&quot;:50,&quot;jet_parallax_layout_bg_x_tablet&quot;:&quot;&quot;,&quot;jet_parallax_layout_bg_x_mobile&quot;:&quot;&quot;,&quot;jet_parallax_layout_bg_y&quot;:50,&quot;jet_parallax_layout_bg_y_tablet&quot;:&quot;&quot;,&quot;jet_parallax_layout_bg_y_mobile&quot;:&quot;&quot;,&quot;jet_parallax_layout_bg_size&quot;:&quot;auto&quot;,&quot;jet_parallax_layout_bg_size_tablet&quot;:&quot;&quot;,&quot;jet_parallax_layout_bg_size_mobile&quot;:&quot;&quot;,&quot;jet_parallax_layout_animation_prop&quot;:&quot;transform&quot;,&quot;jet_parallax_layout_on&quot;:[&quot;desktop&quot;,&quot;tablet&quot;]}],&quot;background_background&quot;:&quot;classic&quot;}\">\n\t\t\t\t\t\t\t<div class=\"elementor-background-overlay\"><\/div>\n\t\t\t\t\t\t\t<div class=\"elementor-container elementor-column-gap-no\">\n\t\t\t\t\t<div class=\"elementor-column elementor-col-50 elementor-top-column elementor-element elementor-element-dc81bad\" data-id=\"dc81bad\" data-element_type=\"column\" data-e-type=\"column\" data-settings=\"{&quot;background_background&quot;:&quot;classic&quot;}\">\n\t\t\t<div class=\"elementor-widget-wrap elementor-element-populated\">\n\t\t\t\t\t\t<div class=\"elementor-element elementor-element-bbaf234 elementor-widget-divider--view-line elementor-widget elementor-widget-divider\" data-id=\"bbaf234\" data-element_type=\"widget\" data-e-type=\"widget\" data-widget_type=\"divider.default\">\n\t\t\t\t<div class=\"elementor-widget-container\">\n\t\t\t\t\t\t\t<div class=\"elementor-divider\">\n\t\t\t<span class=\"elementor-divider-separator\">\n\t\t\t\t\t\t<\/span>\n\t\t<\/div>\n\t\t\t\t\t\t<\/div>\n\t\t\t\t<\/div>\n\t\t\t\t<div class=\"elementor-element elementor-element-6e9513a elementor-widget elementor-widget-heading\" data-id=\"6e9513a\" data-element_type=\"widget\" data-e-type=\"widget\" data-widget_type=\"heading.default\">\n\t\t\t\t<div class=\"elementor-widget-container\">\n\t\t\t\t\t<h2 class=\"elementor-heading-title elementor-size-default\">BINDEN SIE UNS ALS KOMPETENZZENTRUM EIN!\n<\/h2>\t\t\t\t<\/div>\n\t\t\t\t<\/div>\n\t\t\t\t<div class=\"elementor-element elementor-element-589aa69 elementor-widget elementor-widget-text-editor\" data-id=\"589aa69\" data-element_type=\"widget\" data-e-type=\"widget\" data-widget_type=\"text-editor.default\">\n\t\t\t\t<div class=\"elementor-widget-container\">\n\t\t\t\t\t\t\t\t\t<p>Wir bieten Qualit\u00e4tssicherungsmanagement f\u00fcr Unternehmen an, die nicht \u00fcber die n\u00f6tigen Fachleute verf\u00fcgen, um diese Aufgabe zu bew\u00e4ltigen. Wenn Sie gro\u00dfe Projekte mit zu wenig Personal haben, k\u00f6nnen Sie Ihre QS-\/ Testdienstleistungen an uns auslagern.<\/p>\t\t\t\t\t\t\t\t<\/div>\n\t\t\t\t<\/div>\n\t\t\t\t<div class=\"elementor-element elementor-element-0d8548b elementor-widget-divider--view-line elementor-widget elementor-widget-divider\" data-id=\"0d8548b\" data-element_type=\"widget\" data-e-type=\"widget\" data-widget_type=\"divider.default\">\n\t\t\t\t<div class=\"elementor-widget-container\">\n\t\t\t\t\t\t\t<div class=\"elementor-divider\">\n\t\t\t<span class=\"elementor-divider-separator\">\n\t\t\t\t\t\t<\/span>\n\t\t<\/div>\n\t\t\t\t\t\t<\/div>\n\t\t\t\t<\/div>\n\t\t\t\t<div class=\"elementor-element elementor-element-664e74a elementor-widget elementor-widget-heading\" data-id=\"664e74a\" data-element_type=\"widget\" data-e-type=\"widget\" data-widget_type=\"heading.default\">\n\t\t\t\t<div class=\"elementor-widget-container\">\n\t\t\t\t\t<h2 class=\"elementor-heading-title elementor-size-default\">VERANTWORTUNG F\u00dcR EINE QUALIT\u00c4TSSICHERUNG\n<\/h2>\t\t\t\t<\/div>\n\t\t\t\t<\/div>\n\t\t\t\t<div class=\"elementor-element elementor-element-bf57146 elementor-widget elementor-widget-text-editor\" data-id=\"bf57146\" data-element_type=\"widget\" data-e-type=\"widget\" data-widget_type=\"text-editor.default\">\n\t\t\t\t<div class=\"elementor-widget-container\">\n\t\t\t\t\t\t\t\t\t<p>Durch die Durchf\u00fchrung Ihrer Qualit\u00e4tssicherung k\u00f6nnen wir Ihrem Unternehmen helfen, Produkte und Dienstleistungen zu entwickeln, die den Bed\u00fcrfnissen, Erwartungen und Anforderungen Ihrer Kunden entsprechen. Die Standards unseres Qualit\u00e4tssicherungsprogramms stellen sicher, dass Fehler rechtzeitig erkannt und behoben werden.<\/p>\t\t\t\t\t\t\t\t<\/div>\n\t\t\t\t<\/div>\n\t\t\t\t<div class=\"elementor-element elementor-element-2a50d74 elementor-widget-divider--view-line elementor-widget elementor-widget-divider\" data-id=\"2a50d74\" data-element_type=\"widget\" data-e-type=\"widget\" data-widget_type=\"divider.default\">\n\t\t\t\t<div class=\"elementor-widget-container\">\n\t\t\t\t\t\t\t<div class=\"elementor-divider\">\n\t\t\t<span class=\"elementor-divider-separator\">\n\t\t\t\t\t\t<\/span>\n\t\t<\/div>\n\t\t\t\t\t\t<\/div>\n\t\t\t\t<\/div>\n\t\t\t\t<div class=\"elementor-element elementor-element-7d170a0 elementor-widget elementor-widget-heading\" data-id=\"7d170a0\" data-element_type=\"widget\" data-e-type=\"widget\" data-widget_type=\"heading.default\">\n\t\t\t\t<div class=\"elementor-widget-container\">\n\t\t\t\t\t<h2 class=\"elementor-heading-title elementor-size-default\">WIR K\u00dcMMERN UNS UM DIE WICHTIGSTEN QA MANAGEMENT PRINZIPIEN\n<\/h2>\t\t\t\t<\/div>\n\t\t\t\t<\/div>\n\t\t\t\t<div class=\"elementor-element elementor-element-a3a1871 elementor-widget elementor-widget-text-editor\" data-id=\"a3a1871\" data-element_type=\"widget\" data-e-type=\"widget\" data-widget_type=\"text-editor.default\">\n\t\t\t\t<div class=\"elementor-widget-container\">\n\t\t\t\t\t\t\t\t\t<ul><li>Teststrategie \u2013 um sicherzustellen, dass das Produkt die beste Qualit\u00e4t hat, indem die am besten kompatiblen Testarten, -werkzeuge und -ans\u00e4tze angewandt werden und alle Risiken gemildert werden<\/li><li>Testplan \u2013 um eine Kontrolle dar\u00fcber zu haben, wann, wie und von wem die Tests durchgef\u00fchrt werden und um sicher zu sein, dass das Produkt rechtzeitig mit der gew\u00fcnschten Qualit\u00e4t geliefert wird<\/li><li>Testszenarien und Testf\u00e4lle \u2013 um einen strukturellen Ansatz f\u00fcr das Testen zu haben, der sicherstellt, dass das Produkt von allen Teammitgliedern ordnungsgem\u00e4\u00df \u00fcberpr\u00fcft wird<\/li><li>Kontinuierliches Testen \u2013 Implementierung von QA-Standards und -Ans\u00e4tzen im gesamten SDLC, von den Anforderungen bis zur Produktunterst\u00fctzung<\/li><li>Testdatenmanagement \u2013 um sicher zu sein, dass die echten Daten nach der Auslieferung an den Markt keine Fehler verursachen<\/li><li>Auswahl der Tools \u2013 Einsatz der besten Tools und Dienstleistungen f\u00fcr Produkttests und Qualit\u00e4tssicherung<\/li><\/ul>\t\t\t\t\t\t\t\t<\/div>\n\t\t\t\t<\/div>\n\t\t\t\t\t<\/div>\n\t\t<\/div>\n\t\t\t\t<div class=\"elementor-column elementor-col-50 elementor-top-column elementor-element elementor-element-9ce89f5\" data-id=\"9ce89f5\" data-element_type=\"column\" data-e-type=\"column\">\n\t\t\t<div class=\"elementor-widget-wrap\">\n\t\t\t\t\t\t\t<\/div>\n\t\t<\/div>\n\t\t\t\t\t<\/div>\n\t\t<\/section>\n\t\t<div class=\"elementor-element elementor-element-37ea19c e-flex e-con-boxed e-con e-child\" data-id=\"37ea19c\" data-element_type=\"container\" data-e-type=\"container\" data-settings=\"{&quot;jet_parallax_layout_list&quot;:[],&quot;background_background&quot;:&quot;classic&quot;}\">\n\t\t\t\t\t<div class=\"e-con-inner\">\n\t\t\t\t<div class=\"elementor-element elementor-element-cbeedbd elementor-widget-divider--view-line elementor-widget elementor-widget-divider\" data-id=\"cbeedbd\" data-element_type=\"widget\" data-e-type=\"widget\" data-widget_type=\"divider.default\">\n\t\t\t\t<div class=\"elementor-widget-container\">\n\t\t\t\t\t\t\t<div class=\"elementor-divider\">\n\t\t\t<span class=\"elementor-divider-separator\">\n\t\t\t\t\t\t<\/span>\n\t\t<\/div>\n\t\t\t\t\t\t<\/div>\n\t\t\t\t<\/div>\n\t\t\t\t<div class=\"elementor-element elementor-element-4f062b6 elementor-widget elementor-widget-heading\" data-id=\"4f062b6\" data-element_type=\"widget\" data-e-type=\"widget\" data-widget_type=\"heading.default\">\n\t\t\t\t<div class=\"elementor-widget-container\">\n\t\t\t\t\t<h2 class=\"elementor-heading-title elementor-size-default\">ANGEBOT SCHNELLANFRAGE\n<\/h2>\t\t\t\t<\/div>\n\t\t\t\t<\/div>\n\t\t\t\t<div class=\"elementor-element elementor-element-8492860 elementor-widget elementor-widget-text-editor\" data-id=\"8492860\" data-element_type=\"widget\" data-e-type=\"widget\" data-widget_type=\"text-editor.default\">\n\t\t\t\t<div class=\"elementor-widget-container\">\n\t\t\t\t\t\t\t\t\t<p>Quality.One bietet Ihnen Erfahrung und Wissen aus zahlreichen Projekten globaler Unternehmen.<\/p><p>Unsere Test Experten besitzen verschiedenartige Kenntnisse in zahlreichen Disziplinen, um eine holistische Testabdeckung hochskalierbarer Industrieanwendungen gew\u00e4hrleisten zu k\u00f6nnen.<\/p>\t\t\t\t\t\t\t\t<\/div>\n\t\t\t\t<\/div>\n\t\t\t\t<div class=\"elementor-element elementor-element-90ba58b elementor-align-center elementor-widget elementor-widget-button\" data-id=\"90ba58b\" data-element_type=\"widget\" data-e-type=\"widget\" data-widget_type=\"button.default\">\n\t\t\t\t<div class=\"elementor-widget-container\">\n\t\t\t\t\t\t\t\t\t<div class=\"elementor-button-wrapper\">\n\t\t\t\t\t<a class=\"elementor-button elementor-button-link elementor-size-sm\" href=\"https:\/\/www.quality.one\/get-an-estimate\/\">\n\t\t\t\t\t\t<span class=\"elementor-button-content-wrapper\">\n\t\t\t\t\t\t<span class=\"elementor-button-icon\">\n\t\t\t\t<svg aria-hidden=\"true\" class=\"e-font-icon-svg e-fas-arrow-right\" viewBox=\"0 0 448 512\" xmlns=\"http:\/\/www.w3.org\/2000\/svg\"><path d=\"M190.5 66.9l22.2-22.2c9.4-9.4 24.6-9.4 33.9 0L441 239c9.4 9.4 9.4 24.6 0 33.9L246.6 467.3c-9.4 9.4-24.6 9.4-33.9 0l-22.2-22.2c-9.5-9.5-9.3-25 .4-34.3L311.4 296H24c-13.3 0-24-10.7-24-24v-32c0-13.3 10.7-24 24-24h287.4L190.9 101.2c-9.8-9.3-10-24.8-.4-34.3z\"><\/path><\/svg>\t\t\t<\/span>\n\t\t\t\t\t\t\t\t\t<span class=\"elementor-button-text\">Jetzt Angebot einholen<\/span>\n\t\t\t\t\t<\/span>\n\t\t\t\t\t<\/a>\n\t\t\t\t<\/div>\n\t\t\t\t\t\t\t\t<\/div>\n\t\t\t\t<\/div>\n\t\t\t\t\t<\/div>\n\t\t\t\t<\/div>\n\t\t\t\t<\/div>\n\t\t","protected":false},"excerpt":{"rendered":"<p>MANAGED QA BINDEN SIE UNS ALS KOMPETENZZENTRUM EIN! Wir bieten Qualit\u00e4tssicherungsmanagement f\u00fcr Unternehmen an, die nicht \u00fcber die n\u00f6tigen Fachleute verf\u00fcgen, um diese Aufgabe zu bew\u00e4ltigen. Wenn Sie gro\u00dfe Projekte mit zu wenig Personal haben, k\u00f6nnen Sie Ihre QS-\/ Testdienstleistungen an uns auslagern. VERANTWORTUNG F\u00dcR EINE QUALIT\u00c4TSSICHERUNG Durch die Durchf\u00fchrung Ihrer Qualit\u00e4tssicherung k\u00f6nnen wir Ihrem [&hellip;]<\/p>\n","protected":false},"author":2,"featured_media":0,"parent":3975,"menu_order":0,"comment_status":"closed","ping_status":"closed","template":"","meta":{"footnotes":""},"class_list":["post-2671","page","type-page","status-publish","hentry"],"yoast_head":"<!-- This site is optimized with the Yoast SEO plugin v27.4 - https:\/\/yoast.com\/product\/yoast-seo-wordpress\/ -->\n<title>Managed QA \u2013 QA auslagern &amp; skalieren | Quality.One<\/title>\n<meta name=\"description\" content=\"Managed QA f\u00fcr Engp\u00e4sse: Teststrategie, Planung, Szenarien, Daten und kontinuierliches Testing \u2013 als skalierbarer Service f\u00fcr Ihr Team.\" \/>\n<meta name=\"robots\" content=\"index, follow, max-snippet:-1, max-image-preview:large, max-video-preview:-1\" \/>\n<link rel=\"canonical\" href=\"https:\/\/www.quality.one\/en\/leistungen\/managed-qa\/\" \/>\n<meta property=\"og:locale\" content=\"en_US\" \/>\n<meta property=\"og:type\" content=\"article\" \/>\n<meta property=\"og:title\" content=\"Managed QA \u2013 QA auslagern &amp; skalieren | Quality.One\" \/>\n<meta property=\"og:description\" content=\"Managed QA f\u00fcr Engp\u00e4sse: Teststrategie, Planung, Szenarien, Daten und kontinuierliches Testing \u2013 als skalierbarer Service f\u00fcr Ihr Team.\" \/>\n<meta property=\"og:url\" content=\"https:\/\/www.quality.one\/en\/leistungen\/managed-qa\/\" \/>\n<meta property=\"og:site_name\" content=\"QualityOne\" \/>\n<meta property=\"article:modified_time\" content=\"2026-01-31T15:04:06+00:00\" \/>\n<meta name=\"twitter:card\" content=\"summary_large_image\" \/>\n<meta name=\"twitter:label1\" content=\"Est. reading time\" \/>\n\t<meta name=\"twitter:data1\" content=\"2 minutes\" \/>\n<script type=\"application\/ld+json\" class=\"yoast-schema-graph\">{\"@context\":\"https:\\\/\\\/schema.org\",\"@graph\":[{\"@type\":[\"Article\",\"BlogPosting\"],\"@id\":\"https:\\\/\\\/www.quality.one\\\/leistungen\\\/managed-qa\\\/#article\",\"isPartOf\":{\"@id\":\"https:\\\/\\\/www.quality.one\\\/leistungen\\\/managed-qa\\\/\"},\"author\":{\"name\":\"Armin Haller\",\"@id\":\"https:\\\/\\\/www.quality.one\\\/#\\\/schema\\\/person\\\/895fbdf1157109b4fd715b895fa28b0f\"},\"headline\":\"Managed QA\",\"datePublished\":\"2024-03-27T22:11:14+00:00\",\"dateModified\":\"2026-01-31T15:04:06+00:00\",\"mainEntityOfPage\":{\"@id\":\"https:\\\/\\\/www.quality.one\\\/leistungen\\\/managed-qa\\\/\"},\"wordCount\":287,\"publisher\":{\"@id\":\"https:\\\/\\\/www.quality.one\\\/#organization\"},\"inLanguage\":\"en-US\"},{\"@type\":\"WebPage\",\"@id\":\"https:\\\/\\\/www.quality.one\\\/leistungen\\\/managed-qa\\\/\",\"url\":\"https:\\\/\\\/www.quality.one\\\/leistungen\\\/managed-qa\\\/\",\"name\":\"Managed QA \u2013 QA auslagern & skalieren | Quality.One\",\"isPartOf\":{\"@id\":\"https:\\\/\\\/www.quality.one\\\/#website\"},\"datePublished\":\"2024-03-27T22:11:14+00:00\",\"dateModified\":\"2026-01-31T15:04:06+00:00\",\"description\":\"Managed QA f\u00fcr Engp\u00e4sse: Teststrategie, Planung, Szenarien, Daten und kontinuierliches Testing \u2013 als skalierbarer Service f\u00fcr Ihr Team.\",\"breadcrumb\":{\"@id\":\"https:\\\/\\\/www.quality.one\\\/leistungen\\\/managed-qa\\\/#breadcrumb\"},\"inLanguage\":\"en-US\",\"potentialAction\":[{\"@type\":\"ReadAction\",\"target\":[\"https:\\\/\\\/www.quality.one\\\/leistungen\\\/managed-qa\\\/\"]}]},{\"@type\":\"BreadcrumbList\",\"@id\":\"https:\\\/\\\/www.quality.one\\\/leistungen\\\/managed-qa\\\/#breadcrumb\",\"itemListElement\":[{\"@type\":\"ListItem\",\"position\":1,\"name\":\"Home\",\"item\":\"https:\\\/\\\/www.quality.one\\\/\"},{\"@type\":\"ListItem\",\"position\":2,\"name\":\"Unsere Leistungen\",\"item\":\"https:\\\/\\\/www.quality.one\\\/leistungen\\\/\"},{\"@type\":\"ListItem\",\"position\":3,\"name\":\"Managed QA\"}]},{\"@type\":\"WebSite\",\"@id\":\"https:\\\/\\\/www.quality.one\\\/#website\",\"url\":\"https:\\\/\\\/www.quality.one\\\/\",\"name\":\"QualityOne\",\"description\":\"pure play testing\",\"publisher\":{\"@id\":\"https:\\\/\\\/www.quality.one\\\/#organization\"},\"potentialAction\":[{\"@type\":\"SearchAction\",\"target\":{\"@type\":\"EntryPoint\",\"urlTemplate\":\"https:\\\/\\\/www.quality.one\\\/?s={search_term_string}\"},\"query-input\":{\"@type\":\"PropertyValueSpecification\",\"valueRequired\":true,\"valueName\":\"search_term_string\"}}],\"inLanguage\":\"en-US\"},{\"@type\":\"Organization\",\"@id\":\"https:\\\/\\\/www.quality.one\\\/#organization\",\"name\":\"QualityOne\",\"url\":\"https:\\\/\\\/www.quality.one\\\/\",\"logo\":{\"@type\":\"ImageObject\",\"inLanguage\":\"en-US\",\"@id\":\"https:\\\/\\\/www.quality.one\\\/#\\\/schema\\\/logo\\\/image\\\/\",\"url\":\"https:\\\/\\\/www.quality.one\\\/wp-content\\\/uploads\\\/cropped-Logo-Color-Positive-scaled-1.png\",\"contentUrl\":\"https:\\\/\\\/www.quality.one\\\/wp-content\\\/uploads\\\/cropped-Logo-Color-Positive-scaled-1.png\",\"width\":2558,\"height\":495,\"caption\":\"QualityOne\"},\"image\":{\"@id\":\"https:\\\/\\\/www.quality.one\\\/#\\\/schema\\\/logo\\\/image\\\/\"},\"sameAs\":[\"https:\\\/\\\/www.linkedin.com\\\/company\\\/qualityone-pureplaytesting\",\"https:\\\/\\\/bsky.app\\\/profile\\\/qualityone.bsky.social\"]},{\"@type\":\"Person\",\"@id\":\"https:\\\/\\\/www.quality.one\\\/#\\\/schema\\\/person\\\/895fbdf1157109b4fd715b895fa28b0f\",\"name\":\"Armin Haller\",\"url\":\"https:\\\/\\\/www.quality.one\\\/en\\\/author\\\/ahallerrocketlab-ch\\\/\"}]}<\/script>\n<!-- \/ Yoast SEO plugin. -->","yoast_head_json":{"title":"Managed QA \u2013 QA auslagern & skalieren | Quality.One","description":"Managed QA f\u00fcr Engp\u00e4sse: Teststrategie, Planung, Szenarien, Daten und kontinuierliches Testing \u2013 als skalierbarer Service f\u00fcr Ihr Team.","robots":{"index":"index","follow":"follow","max-snippet":"max-snippet:-1","max-image-preview":"max-image-preview:large","max-video-preview":"max-video-preview:-1"},"canonical":"https:\/\/www.quality.one\/en\/leistungen\/managed-qa\/","og_locale":"en_US","og_type":"article","og_title":"Managed QA \u2013 QA auslagern & skalieren | Quality.One","og_description":"Managed QA f\u00fcr Engp\u00e4sse: Teststrategie, Planung, Szenarien, Daten und kontinuierliches Testing \u2013 als skalierbarer Service f\u00fcr Ihr Team.","og_url":"https:\/\/www.quality.one\/en\/leistungen\/managed-qa\/","og_site_name":"QualityOne","article_modified_time":"2026-01-31T15:04:06+00:00","twitter_card":"summary_large_image","twitter_misc":{"Est. reading time":"2 minutes"},"schema":{"@context":"https:\/\/schema.org","@graph":[{"@type":["Article","BlogPosting"],"@id":"https:\/\/www.quality.one\/leistungen\/managed-qa\/#article","isPartOf":{"@id":"https:\/\/www.quality.one\/leistungen\/managed-qa\/"},"author":{"name":"Armin Haller","@id":"https:\/\/www.quality.one\/#\/schema\/person\/895fbdf1157109b4fd715b895fa28b0f"},"headline":"Managed QA","datePublished":"2024-03-27T22:11:14+00:00","dateModified":"2026-01-31T15:04:06+00:00","mainEntityOfPage":{"@id":"https:\/\/www.quality.one\/leistungen\/managed-qa\/"},"wordCount":287,"publisher":{"@id":"https:\/\/www.quality.one\/#organization"},"inLanguage":"en-US"},{"@type":"WebPage","@id":"https:\/\/www.quality.one\/leistungen\/managed-qa\/","url":"https:\/\/www.quality.one\/leistungen\/managed-qa\/","name":"Managed QA \u2013 QA auslagern & skalieren | Quality.One","isPartOf":{"@id":"https:\/\/www.quality.one\/#website"},"datePublished":"2024-03-27T22:11:14+00:00","dateModified":"2026-01-31T15:04:06+00:00","description":"Managed QA f\u00fcr Engp\u00e4sse: Teststrategie, Planung, Szenarien, Daten und kontinuierliches Testing \u2013 als skalierbarer Service f\u00fcr Ihr Team.","breadcrumb":{"@id":"https:\/\/www.quality.one\/leistungen\/managed-qa\/#breadcrumb"},"inLanguage":"en-US","potentialAction":[{"@type":"ReadAction","target":["https:\/\/www.quality.one\/leistungen\/managed-qa\/"]}]},{"@type":"BreadcrumbList","@id":"https:\/\/www.quality.one\/leistungen\/managed-qa\/#breadcrumb","itemListElement":[{"@type":"ListItem","position":1,"name":"Home","item":"https:\/\/www.quality.one\/"},{"@type":"ListItem","position":2,"name":"Unsere Leistungen","item":"https:\/\/www.quality.one\/leistungen\/"},{"@type":"ListItem","position":3,"name":"Managed QA"}]},{"@type":"WebSite","@id":"https:\/\/www.quality.one\/#website","url":"https:\/\/www.quality.one\/","name":"QualityOne","description":"pure play testing","publisher":{"@id":"https:\/\/www.quality.one\/#organization"},"potentialAction":[{"@type":"SearchAction","target":{"@type":"EntryPoint","urlTemplate":"https:\/\/www.quality.one\/?s={search_term_string}"},"query-input":{"@type":"PropertyValueSpecification","valueRequired":true,"valueName":"search_term_string"}}],"inLanguage":"en-US"},{"@type":"Organization","@id":"https:\/\/www.quality.one\/#organization","name":"QualityOne","url":"https:\/\/www.quality.one\/","logo":{"@type":"ImageObject","inLanguage":"en-US","@id":"https:\/\/www.quality.one\/#\/schema\/logo\/image\/","url":"https:\/\/www.quality.one\/wp-content\/uploads\/cropped-Logo-Color-Positive-scaled-1.png","contentUrl":"https:\/\/www.quality.one\/wp-content\/uploads\/cropped-Logo-Color-Positive-scaled-1.png","width":2558,"height":495,"caption":"QualityOne"},"image":{"@id":"https:\/\/www.quality.one\/#\/schema\/logo\/image\/"},"sameAs":["https:\/\/www.linkedin.com\/company\/qualityone-pureplaytesting","https:\/\/bsky.app\/profile\/qualityone.bsky.social"]},{"@type":"Person","@id":"https:\/\/www.quality.one\/#\/schema\/person\/895fbdf1157109b4fd715b895fa28b0f","name":"Armin Haller","url":"https:\/\/www.quality.one\/en\/author\/ahallerrocketlab-ch\/"}]}},"_links":{"self":[{"href":"https:\/\/www.quality.one\/en\/wp-json\/wp\/v2\/pages\/2671","targetHints":{"allow":["GET"]}}],"collection":[{"href":"https:\/\/www.quality.one\/en\/wp-json\/wp\/v2\/pages"}],"about":[{"href":"https:\/\/www.quality.one\/en\/wp-json\/wp\/v2\/types\/page"}],"author":[{"embeddable":true,"href":"https:\/\/www.quality.one\/en\/wp-json\/wp\/v2\/users\/2"}],"replies":[{"embeddable":true,"href":"https:\/\/www.quality.one\/en\/wp-json\/wp\/v2\/comments?post=2671"}],"version-history":[{"count":0,"href":"https:\/\/www.quality.one\/en\/wp-json\/wp\/v2\/pages\/2671\/revisions"}],"up":[{"embeddable":true,"href":"https:\/\/www.quality.one\/en\/wp-json\/wp\/v2\/pages\/3975"}],"wp:attachment":[{"href":"https:\/\/www.quality.one\/en\/wp-json\/wp\/v2\/media?parent=2671"}],"curies":[{"name":"wp","href":"https:\/\/api.w.org\/{rel}","templated":true}]}}