{"id":2664,"date":"2024-03-25T02:55:48","date_gmt":"2024-03-25T00:55:48","guid":{"rendered":"https:\/\/www.quality.one\/?page_id=2664"},"modified":"2026-01-31T16:57:31","modified_gmt":"2026-01-31T14:57:31","slug":"appliances-testing","status":"publish","type":"page","link":"https:\/\/www.quality.one\/en\/leistungen\/appliances-testing\/","title":{"rendered":"Appliances Testing"},"content":{"rendered":"\t\t<div data-elementor-type=\"wp-page\" data-elementor-id=\"2664\" class=\"elementor elementor-2664\" data-elementor-post-type=\"page\">\n\t\t\t\t<div class=\"elementor-element elementor-element-d6ba1f6 e-flex e-con-boxed e-con e-parent\" data-id=\"d6ba1f6\" data-element_type=\"container\" data-e-type=\"container\" data-settings=\"{&quot;background_background&quot;:&quot;classic&quot;,&quot;jet_parallax_layout_list&quot;:[]}\">\n\t\t\t\t\t<div class=\"e-con-inner\">\n\t\t<div class=\"elementor-element elementor-element-95e344c e-flex e-con-boxed e-con e-child\" data-id=\"95e344c\" data-element_type=\"container\" data-e-type=\"container\" data-settings=\"{&quot;jet_parallax_layout_list&quot;:[]}\">\n\t\t\t\t\t<div class=\"e-con-inner\">\n\t\t\t\t<div class=\"elementor-element elementor-element-f27c2b6 elementor-widget-divider--view-line elementor-widget elementor-widget-divider\" data-id=\"f27c2b6\" data-element_type=\"widget\" data-e-type=\"widget\" data-widget_type=\"divider.default\">\n\t\t\t\t<div class=\"elementor-widget-container\">\n\t\t\t\t\t\t\t<div class=\"elementor-divider\">\n\t\t\t<span class=\"elementor-divider-separator\">\n\t\t\t\t\t\t<\/span>\n\t\t<\/div>\n\t\t\t\t\t\t<\/div>\n\t\t\t\t<\/div>\n\t\t\t\t<div class=\"elementor-element elementor-element-4cda1c5 elementor-widget elementor-widget-heading\" data-id=\"4cda1c5\" data-element_type=\"widget\" data-e-type=\"widget\" data-widget_type=\"heading.default\">\n\t\t\t\t<div class=\"elementor-widget-container\">\n\t\t\t\t\t<h1 class=\"elementor-heading-title elementor-size-default\">TESTEN VON HARDWARE\n<\/h1>\t\t\t\t<\/div>\n\t\t\t\t<\/div>\n\t\t\t\t\t<\/div>\n\t\t\t\t<\/div>\n\t\t\t\t\t<\/div>\n\t\t\t\t<\/div>\n\t\t\t\t<section class=\"elementor-section elementor-top-section elementor-element elementor-element-ceb192a elementor-section-boxed elementor-section-height-default elementor-section-height-default\" data-id=\"ceb192a\" data-element_type=\"section\" data-e-type=\"section\" data-settings=\"{&quot;jet_parallax_layout_list&quot;:[{&quot;jet_parallax_layout_image&quot;:{&quot;url&quot;:&quot;&quot;,&quot;id&quot;:&quot;&quot;,&quot;size&quot;:&quot;&quot;},&quot;_id&quot;:&quot;d8b603d&quot;,&quot;jet_parallax_layout_image_tablet&quot;:{&quot;url&quot;:&quot;&quot;,&quot;id&quot;:&quot;&quot;,&quot;size&quot;:&quot;&quot;},&quot;jet_parallax_layout_image_mobile&quot;:{&quot;url&quot;:&quot;&quot;,&quot;id&quot;:&quot;&quot;,&quot;size&quot;:&quot;&quot;},&quot;jet_parallax_layout_speed&quot;:{&quot;unit&quot;:&quot;%&quot;,&quot;size&quot;:50,&quot;sizes&quot;:[]},&quot;jet_parallax_layout_type&quot;:&quot;scroll&quot;,&quot;jet_parallax_layout_direction&quot;:&quot;1&quot;,&quot;jet_parallax_layout_fx_direction&quot;:null,&quot;jet_parallax_layout_z_index&quot;:&quot;&quot;,&quot;jet_parallax_layout_bg_x&quot;:50,&quot;jet_parallax_layout_bg_x_tablet&quot;:&quot;&quot;,&quot;jet_parallax_layout_bg_x_mobile&quot;:&quot;&quot;,&quot;jet_parallax_layout_bg_y&quot;:50,&quot;jet_parallax_layout_bg_y_tablet&quot;:&quot;&quot;,&quot;jet_parallax_layout_bg_y_mobile&quot;:&quot;&quot;,&quot;jet_parallax_layout_bg_size&quot;:&quot;auto&quot;,&quot;jet_parallax_layout_bg_size_tablet&quot;:&quot;&quot;,&quot;jet_parallax_layout_bg_size_mobile&quot;:&quot;&quot;,&quot;jet_parallax_layout_animation_prop&quot;:&quot;transform&quot;,&quot;jet_parallax_layout_on&quot;:[&quot;desktop&quot;,&quot;tablet&quot;]}],&quot;background_background&quot;:&quot;classic&quot;}\">\n\t\t\t\t\t\t\t<div class=\"elementor-background-overlay\"><\/div>\n\t\t\t\t\t\t\t<div class=\"elementor-container elementor-column-gap-no\">\n\t\t\t\t\t<div class=\"elementor-column elementor-col-50 elementor-top-column elementor-element elementor-element-bda5553\" data-id=\"bda5553\" data-element_type=\"column\" data-e-type=\"column\" data-settings=\"{&quot;background_background&quot;:&quot;classic&quot;}\">\n\t\t\t<div class=\"elementor-widget-wrap elementor-element-populated\">\n\t\t\t\t\t\t<div class=\"elementor-element elementor-element-e50ea32 elementor-widget-divider--view-line elementor-widget elementor-widget-divider\" data-id=\"e50ea32\" data-element_type=\"widget\" data-e-type=\"widget\" data-widget_type=\"divider.default\">\n\t\t\t\t<div class=\"elementor-widget-container\">\n\t\t\t\t\t\t\t<div class=\"elementor-divider\">\n\t\t\t<span class=\"elementor-divider-separator\">\n\t\t\t\t\t\t<\/span>\n\t\t<\/div>\n\t\t\t\t\t\t<\/div>\n\t\t\t\t<\/div>\n\t\t\t\t<div class=\"elementor-element elementor-element-39cc82c elementor-widget elementor-widget-heading\" data-id=\"39cc82c\" data-element_type=\"widget\" data-e-type=\"widget\" data-widget_type=\"heading.default\">\n\t\t\t\t<div class=\"elementor-widget-container\">\n\t\t\t\t\t<h2 class=\"elementor-heading-title elementor-size-default\">OPTIMALES ZUSAMMENSPIEL ZWISCHEN IHRER SOFTWARE MIT DER HARDWARE\n<\/h2>\t\t\t\t<\/div>\n\t\t\t\t<\/div>\n\t\t\t\t<div class=\"elementor-element elementor-element-da4ce6c elementor-widget elementor-widget-text-editor\" data-id=\"da4ce6c\" data-element_type=\"widget\" data-e-type=\"widget\" data-widget_type=\"text-editor.default\">\n\t\t\t\t<div class=\"elementor-widget-container\">\n\t\t\t\t\t\t\t\t\t<p>Das Testen von Ger\u00e4ten gew\u00e4hrleistet, dass die Gesamtleistung eines Ger\u00e4ts wie vorgesehen funktioniert. Die meisten Ger\u00e4te sind heutzutage intelligent, und sie kommunizieren mit mobilen Anwendungen und anderen Ger\u00e4ten. Durch das Testen von Ger\u00e4ten stellen wir sicher, dass die Funktionalit\u00e4t, Sicherheit, Benutzerfreundlichkeit und Kompatibilit\u00e4t dieser Ger\u00e4te durch Ihre Software optimal sind.<\/p><p>V-Kitchen ist eine iOS\/ Android-App, die mit K\u00fcchenger\u00e4ten zusammen arbeitet. Wenn ein Benutzer ein Rezept ausw\u00e4hlt, verwaltet die Anwendung automatisch das Ger\u00e4t in Bezug auf Heizdauer, Aufw\u00e4rmphase usw. Wir haben diese Anwendung mit verschiedenen Back\u00f6fen des Herstellers V-ZUG getestet, um sicherzustellen, dass die App wie vorgesehen im Zusammenspiel mit der Hardware funktioniert.<\/p>\t\t\t\t\t\t\t\t<\/div>\n\t\t\t\t<\/div>\n\t\t\t\t\t<\/div>\n\t\t<\/div>\n\t\t\t\t<div class=\"elementor-column elementor-col-50 elementor-top-column elementor-element elementor-element-25340cd\" data-id=\"25340cd\" data-element_type=\"column\" data-e-type=\"column\">\n\t\t\t<div class=\"elementor-widget-wrap\">\n\t\t\t\t\t\t\t<\/div>\n\t\t<\/div>\n\t\t\t\t\t<\/div>\n\t\t<\/section>\n\t\t<div class=\"elementor-element elementor-element-770b4ef e-flex e-con-boxed e-con e-child\" data-id=\"770b4ef\" data-element_type=\"container\" data-e-type=\"container\" data-settings=\"{&quot;jet_parallax_layout_list&quot;:[],&quot;background_background&quot;:&quot;classic&quot;}\">\n\t\t\t\t\t<div class=\"e-con-inner\">\n\t\t\t\t<div class=\"elementor-element elementor-element-1c60ce3 elementor-widget-divider--view-line elementor-widget elementor-widget-divider\" data-id=\"1c60ce3\" data-element_type=\"widget\" data-e-type=\"widget\" data-widget_type=\"divider.default\">\n\t\t\t\t<div class=\"elementor-widget-container\">\n\t\t\t\t\t\t\t<div class=\"elementor-divider\">\n\t\t\t<span class=\"elementor-divider-separator\">\n\t\t\t\t\t\t<\/span>\n\t\t<\/div>\n\t\t\t\t\t\t<\/div>\n\t\t\t\t<\/div>\n\t\t\t\t<div class=\"elementor-element elementor-element-5da1e06 elementor-widget elementor-widget-heading\" data-id=\"5da1e06\" data-element_type=\"widget\" data-e-type=\"widget\" data-widget_type=\"heading.default\">\n\t\t\t\t<div class=\"elementor-widget-container\">\n\t\t\t\t\t<h2 class=\"elementor-heading-title elementor-size-default\">ANGEBOT SCHNELLANFRAGE\n<\/h2>\t\t\t\t<\/div>\n\t\t\t\t<\/div>\n\t\t\t\t<div class=\"elementor-element elementor-element-99697fb elementor-widget elementor-widget-text-editor\" data-id=\"99697fb\" data-element_type=\"widget\" data-e-type=\"widget\" data-widget_type=\"text-editor.default\">\n\t\t\t\t<div class=\"elementor-widget-container\">\n\t\t\t\t\t\t\t\t\t<p>Quality.One bietet Ihnen Erfahrung und Wissen aus zahlreichen Projekten globaler Unternehmen.<\/p><p>Unsere Test Experten besitzen verschiedenartige Kenntnisse in zahlreichen Disziplinen, um eine holistische Testabdeckung hochskalierbarer Industrieanwendungen gew\u00e4hrleisten zu k\u00f6nnen.<\/p>\t\t\t\t\t\t\t\t<\/div>\n\t\t\t\t<\/div>\n\t\t\t\t<div class=\"elementor-element elementor-element-2906d1d elementor-align-center elementor-widget elementor-widget-button\" data-id=\"2906d1d\" data-element_type=\"widget\" data-e-type=\"widget\" data-widget_type=\"button.default\">\n\t\t\t\t<div class=\"elementor-widget-container\">\n\t\t\t\t\t\t\t\t\t<div class=\"elementor-button-wrapper\">\n\t\t\t\t\t<a class=\"elementor-button elementor-button-link elementor-size-sm\" href=\"https:\/\/www.quality.one\/get-an-estimate\/\">\n\t\t\t\t\t\t<span class=\"elementor-button-content-wrapper\">\n\t\t\t\t\t\t<span class=\"elementor-button-icon\">\n\t\t\t\t<svg aria-hidden=\"true\" class=\"e-font-icon-svg e-fas-arrow-right\" viewBox=\"0 0 448 512\" xmlns=\"http:\/\/www.w3.org\/2000\/svg\"><path d=\"M190.5 66.9l22.2-22.2c9.4-9.4 24.6-9.4 33.9 0L441 239c9.4 9.4 9.4 24.6 0 33.9L246.6 467.3c-9.4 9.4-24.6 9.4-33.9 0l-22.2-22.2c-9.5-9.5-9.3-25 .4-34.3L311.4 296H24c-13.3 0-24-10.7-24-24v-32c0-13.3 10.7-24 24-24h287.4L190.9 101.2c-9.8-9.3-10-24.8-.4-34.3z\"><\/path><\/svg>\t\t\t<\/span>\n\t\t\t\t\t\t\t\t\t<span class=\"elementor-button-text\">Jetzt Angebot einholen<\/span>\n\t\t\t\t\t<\/span>\n\t\t\t\t\t<\/a>\n\t\t\t\t<\/div>\n\t\t\t\t\t\t\t\t<\/div>\n\t\t\t\t<\/div>\n\t\t\t\t\t<\/div>\n\t\t\t\t<\/div>\n\t\t\t\t<\/div>\n\t\t","protected":false},"excerpt":{"rendered":"<p>TESTEN VON HARDWARE OPTIMALES ZUSAMMENSPIEL ZWISCHEN IHRER SOFTWARE MIT DER HARDWARE Das Testen von Ger\u00e4ten gew\u00e4hrleistet, dass die Gesamtleistung eines Ger\u00e4ts wie vorgesehen funktioniert. Die meisten Ger\u00e4te sind heutzutage intelligent, und sie kommunizieren mit mobilen Anwendungen und anderen Ger\u00e4ten. Durch das Testen von Ger\u00e4ten stellen wir sicher, dass die Funktionalit\u00e4t, Sicherheit, Benutzerfreundlichkeit und Kompatibilit\u00e4t dieser [&hellip;]<\/p>\n","protected":false},"author":2,"featured_media":0,"parent":3975,"menu_order":0,"comment_status":"closed","ping_status":"closed","template":"","meta":{"footnotes":""},"class_list":["post-2664","page","type-page","status-publish","hentry"],"yoast_head":"<!-- This site is optimized with the Yoast SEO plugin v27.4 - https:\/\/yoast.com\/product\/yoast-seo-wordpress\/ -->\n<title>Testen von Hardware \u2013 Ger\u00e4te &amp; App-Integration | Quality.One<\/title>\n<meta name=\"description\" content=\"Hardware testen, wenn Software mit Ger\u00e4ten interagiert: Funktion, Sicherheit, Usability und Kompatibilit\u00e4t im Zusammenspiel, inkl. Beispiel.\" \/>\n<meta name=\"robots\" content=\"index, follow, max-snippet:-1, max-image-preview:large, max-video-preview:-1\" \/>\n<link rel=\"canonical\" href=\"https:\/\/www.quality.one\/en\/leistungen\/appliances-testing\/\" \/>\n<meta property=\"og:locale\" content=\"en_US\" \/>\n<meta property=\"og:type\" content=\"article\" \/>\n<meta property=\"og:title\" content=\"Testen von Hardware \u2013 Ger\u00e4te &amp; App-Integration | Quality.One\" \/>\n<meta property=\"og:description\" content=\"Hardware testen, wenn Software mit Ger\u00e4ten interagiert: Funktion, Sicherheit, Usability und Kompatibilit\u00e4t im Zusammenspiel, inkl. Beispiel.\" \/>\n<meta property=\"og:url\" content=\"https:\/\/www.quality.one\/en\/leistungen\/appliances-testing\/\" \/>\n<meta property=\"og:site_name\" content=\"QualityOne\" \/>\n<meta property=\"article:modified_time\" content=\"2026-01-31T14:57:31+00:00\" \/>\n<meta name=\"twitter:card\" content=\"summary_large_image\" \/>\n<meta name=\"twitter:label1\" content=\"Est. reading time\" \/>\n\t<meta name=\"twitter:data1\" content=\"1 minute\" \/>\n<script type=\"application\/ld+json\" class=\"yoast-schema-graph\">{\"@context\":\"https:\\\/\\\/schema.org\",\"@graph\":[{\"@type\":[\"Article\",\"BlogPosting\"],\"@id\":\"https:\\\/\\\/www.quality.one\\\/leistungen\\\/appliances-testing\\\/#article\",\"isPartOf\":{\"@id\":\"https:\\\/\\\/www.quality.one\\\/leistungen\\\/appliances-testing\\\/\"},\"author\":{\"name\":\"Armin Haller\",\"@id\":\"https:\\\/\\\/www.quality.one\\\/#\\\/schema\\\/person\\\/895fbdf1157109b4fd715b895fa28b0f\"},\"headline\":\"Testen von Hardware\",\"datePublished\":\"2024-03-25T00:55:48+00:00\",\"dateModified\":\"2026-01-31T14:57:31+00:00\",\"mainEntityOfPage\":{\"@id\":\"https:\\\/\\\/www.quality.one\\\/leistungen\\\/appliances-testing\\\/\"},\"wordCount\":168,\"publisher\":{\"@id\":\"https:\\\/\\\/www.quality.one\\\/#organization\"},\"inLanguage\":\"en-US\"},{\"@type\":\"WebPage\",\"@id\":\"https:\\\/\\\/www.quality.one\\\/leistungen\\\/appliances-testing\\\/\",\"url\":\"https:\\\/\\\/www.quality.one\\\/leistungen\\\/appliances-testing\\\/\",\"name\":\"Testen von Hardware \u2013 Ger\u00e4te & App-Integration | Quality.One\",\"isPartOf\":{\"@id\":\"https:\\\/\\\/www.quality.one\\\/#website\"},\"datePublished\":\"2024-03-25T00:55:48+00:00\",\"dateModified\":\"2026-01-31T14:57:31+00:00\",\"description\":\"Hardware testen, wenn Software mit Ger\u00e4ten interagiert: Funktion, Sicherheit, Usability und Kompatibilit\u00e4t im Zusammenspiel, inkl. Beispiel.\",\"breadcrumb\":{\"@id\":\"https:\\\/\\\/www.quality.one\\\/leistungen\\\/appliances-testing\\\/#breadcrumb\"},\"inLanguage\":\"en-US\",\"potentialAction\":[{\"@type\":\"ReadAction\",\"target\":[\"https:\\\/\\\/www.quality.one\\\/leistungen\\\/appliances-testing\\\/\"]}]},{\"@type\":\"BreadcrumbList\",\"@id\":\"https:\\\/\\\/www.quality.one\\\/leistungen\\\/appliances-testing\\\/#breadcrumb\",\"itemListElement\":[{\"@type\":\"ListItem\",\"position\":1,\"name\":\"Home\",\"item\":\"https:\\\/\\\/www.quality.one\\\/\"},{\"@type\":\"ListItem\",\"position\":2,\"name\":\"Unsere Leistungen\",\"item\":\"https:\\\/\\\/www.quality.one\\\/leistungen\\\/\"},{\"@type\":\"ListItem\",\"position\":3,\"name\":\"Testen von Hardware\"}]},{\"@type\":\"WebSite\",\"@id\":\"https:\\\/\\\/www.quality.one\\\/#website\",\"url\":\"https:\\\/\\\/www.quality.one\\\/\",\"name\":\"QualityOne\",\"description\":\"pure play testing\",\"publisher\":{\"@id\":\"https:\\\/\\\/www.quality.one\\\/#organization\"},\"potentialAction\":[{\"@type\":\"SearchAction\",\"target\":{\"@type\":\"EntryPoint\",\"urlTemplate\":\"https:\\\/\\\/www.quality.one\\\/?s={search_term_string}\"},\"query-input\":{\"@type\":\"PropertyValueSpecification\",\"valueRequired\":true,\"valueName\":\"search_term_string\"}}],\"inLanguage\":\"en-US\"},{\"@type\":\"Organization\",\"@id\":\"https:\\\/\\\/www.quality.one\\\/#organization\",\"name\":\"QualityOne\",\"url\":\"https:\\\/\\\/www.quality.one\\\/\",\"logo\":{\"@type\":\"ImageObject\",\"inLanguage\":\"en-US\",\"@id\":\"https:\\\/\\\/www.quality.one\\\/#\\\/schema\\\/logo\\\/image\\\/\",\"url\":\"https:\\\/\\\/www.quality.one\\\/wp-content\\\/uploads\\\/cropped-Logo-Color-Positive-scaled-1.png\",\"contentUrl\":\"https:\\\/\\\/www.quality.one\\\/wp-content\\\/uploads\\\/cropped-Logo-Color-Positive-scaled-1.png\",\"width\":2558,\"height\":495,\"caption\":\"QualityOne\"},\"image\":{\"@id\":\"https:\\\/\\\/www.quality.one\\\/#\\\/schema\\\/logo\\\/image\\\/\"},\"sameAs\":[\"https:\\\/\\\/www.linkedin.com\\\/company\\\/qualityone-pureplaytesting\",\"https:\\\/\\\/bsky.app\\\/profile\\\/qualityone.bsky.social\"]},{\"@type\":\"Person\",\"@id\":\"https:\\\/\\\/www.quality.one\\\/#\\\/schema\\\/person\\\/895fbdf1157109b4fd715b895fa28b0f\",\"name\":\"Armin Haller\",\"url\":\"https:\\\/\\\/www.quality.one\\\/en\\\/author\\\/ahallerrocketlab-ch\\\/\"}]}<\/script>\n<!-- \/ Yoast SEO plugin. -->","yoast_head_json":{"title":"Testen von Hardware \u2013 Ger\u00e4te & App-Integration | Quality.One","description":"Hardware testen, wenn Software mit Ger\u00e4ten interagiert: Funktion, Sicherheit, Usability und Kompatibilit\u00e4t im Zusammenspiel, inkl. Beispiel.","robots":{"index":"index","follow":"follow","max-snippet":"max-snippet:-1","max-image-preview":"max-image-preview:large","max-video-preview":"max-video-preview:-1"},"canonical":"https:\/\/www.quality.one\/en\/leistungen\/appliances-testing\/","og_locale":"en_US","og_type":"article","og_title":"Testen von Hardware \u2013 Ger\u00e4te & App-Integration | Quality.One","og_description":"Hardware testen, wenn Software mit Ger\u00e4ten interagiert: Funktion, Sicherheit, Usability und Kompatibilit\u00e4t im Zusammenspiel, inkl. Beispiel.","og_url":"https:\/\/www.quality.one\/en\/leistungen\/appliances-testing\/","og_site_name":"QualityOne","article_modified_time":"2026-01-31T14:57:31+00:00","twitter_card":"summary_large_image","twitter_misc":{"Est. reading time":"1 minute"},"schema":{"@context":"https:\/\/schema.org","@graph":[{"@type":["Article","BlogPosting"],"@id":"https:\/\/www.quality.one\/leistungen\/appliances-testing\/#article","isPartOf":{"@id":"https:\/\/www.quality.one\/leistungen\/appliances-testing\/"},"author":{"name":"Armin Haller","@id":"https:\/\/www.quality.one\/#\/schema\/person\/895fbdf1157109b4fd715b895fa28b0f"},"headline":"Testen von Hardware","datePublished":"2024-03-25T00:55:48+00:00","dateModified":"2026-01-31T14:57:31+00:00","mainEntityOfPage":{"@id":"https:\/\/www.quality.one\/leistungen\/appliances-testing\/"},"wordCount":168,"publisher":{"@id":"https:\/\/www.quality.one\/#organization"},"inLanguage":"en-US"},{"@type":"WebPage","@id":"https:\/\/www.quality.one\/leistungen\/appliances-testing\/","url":"https:\/\/www.quality.one\/leistungen\/appliances-testing\/","name":"Testen von Hardware \u2013 Ger\u00e4te & App-Integration | Quality.One","isPartOf":{"@id":"https:\/\/www.quality.one\/#website"},"datePublished":"2024-03-25T00:55:48+00:00","dateModified":"2026-01-31T14:57:31+00:00","description":"Hardware testen, wenn Software mit Ger\u00e4ten interagiert: Funktion, Sicherheit, Usability und Kompatibilit\u00e4t im Zusammenspiel, inkl. Beispiel.","breadcrumb":{"@id":"https:\/\/www.quality.one\/leistungen\/appliances-testing\/#breadcrumb"},"inLanguage":"en-US","potentialAction":[{"@type":"ReadAction","target":["https:\/\/www.quality.one\/leistungen\/appliances-testing\/"]}]},{"@type":"BreadcrumbList","@id":"https:\/\/www.quality.one\/leistungen\/appliances-testing\/#breadcrumb","itemListElement":[{"@type":"ListItem","position":1,"name":"Home","item":"https:\/\/www.quality.one\/"},{"@type":"ListItem","position":2,"name":"Unsere Leistungen","item":"https:\/\/www.quality.one\/leistungen\/"},{"@type":"ListItem","position":3,"name":"Testen von Hardware"}]},{"@type":"WebSite","@id":"https:\/\/www.quality.one\/#website","url":"https:\/\/www.quality.one\/","name":"QualityOne","description":"pure play testing","publisher":{"@id":"https:\/\/www.quality.one\/#organization"},"potentialAction":[{"@type":"SearchAction","target":{"@type":"EntryPoint","urlTemplate":"https:\/\/www.quality.one\/?s={search_term_string}"},"query-input":{"@type":"PropertyValueSpecification","valueRequired":true,"valueName":"search_term_string"}}],"inLanguage":"en-US"},{"@type":"Organization","@id":"https:\/\/www.quality.one\/#organization","name":"QualityOne","url":"https:\/\/www.quality.one\/","logo":{"@type":"ImageObject","inLanguage":"en-US","@id":"https:\/\/www.quality.one\/#\/schema\/logo\/image\/","url":"https:\/\/www.quality.one\/wp-content\/uploads\/cropped-Logo-Color-Positive-scaled-1.png","contentUrl":"https:\/\/www.quality.one\/wp-content\/uploads\/cropped-Logo-Color-Positive-scaled-1.png","width":2558,"height":495,"caption":"QualityOne"},"image":{"@id":"https:\/\/www.quality.one\/#\/schema\/logo\/image\/"},"sameAs":["https:\/\/www.linkedin.com\/company\/qualityone-pureplaytesting","https:\/\/bsky.app\/profile\/qualityone.bsky.social"]},{"@type":"Person","@id":"https:\/\/www.quality.one\/#\/schema\/person\/895fbdf1157109b4fd715b895fa28b0f","name":"Armin Haller","url":"https:\/\/www.quality.one\/en\/author\/ahallerrocketlab-ch\/"}]}},"_links":{"self":[{"href":"https:\/\/www.quality.one\/en\/wp-json\/wp\/v2\/pages\/2664","targetHints":{"allow":["GET"]}}],"collection":[{"href":"https:\/\/www.quality.one\/en\/wp-json\/wp\/v2\/pages"}],"about":[{"href":"https:\/\/www.quality.one\/en\/wp-json\/wp\/v2\/types\/page"}],"author":[{"embeddable":true,"href":"https:\/\/www.quality.one\/en\/wp-json\/wp\/v2\/users\/2"}],"replies":[{"embeddable":true,"href":"https:\/\/www.quality.one\/en\/wp-json\/wp\/v2\/comments?post=2664"}],"version-history":[{"count":0,"href":"https:\/\/www.quality.one\/en\/wp-json\/wp\/v2\/pages\/2664\/revisions"}],"up":[{"embeddable":true,"href":"https:\/\/www.quality.one\/en\/wp-json\/wp\/v2\/pages\/3975"}],"wp:attachment":[{"href":"https:\/\/www.quality.one\/en\/wp-json\/wp\/v2\/media?parent=2664"}],"curies":[{"name":"wp","href":"https:\/\/api.w.org\/{rel}","templated":true}]}}