{"id":2654,"date":"2024-03-25T02:32:07","date_gmt":"2024-03-25T00:32:07","guid":{"rendered":"https:\/\/www.quality.one\/?page_id=2654"},"modified":"2026-01-31T17:10:13","modified_gmt":"2026-01-31T15:10:13","slug":"software-lifecycle-qa-2","status":"publish","type":"page","link":"https:\/\/www.quality.one\/en\/leistungen\/software-lifecycle-qa-2\/","title":{"rendered":"Software Lifecycle QA"},"content":{"rendered":"<div data-elementor-type=\"wp-page\" data-elementor-id=\"2654\" class=\"elementor elementor-2654\" data-elementor-post-type=\"page\">\n\t\t\t\t<div class=\"elementor-element elementor-element-d6ba1f6 e-flex e-con-boxed e-con e-parent\" data-id=\"d6ba1f6\" data-element_type=\"container\" data-e-type=\"container\" data-settings=\"{&quot;background_background&quot;:&quot;classic&quot;,&quot;jet_parallax_layout_list&quot;:[]}\">\n\t\t\t\t\t<div class=\"e-con-inner\">\n\t\t<div class=\"elementor-element elementor-element-95e344c e-flex e-con-boxed e-con e-child\" data-id=\"95e344c\" data-element_type=\"container\" data-e-type=\"container\" data-settings=\"{&quot;jet_parallax_layout_list&quot;:[]}\">\n\t\t\t\t\t<div class=\"e-con-inner\">\n\t\t\t\t<div class=\"elementor-element elementor-element-f27c2b6 elementor-widget-divider--view-line elementor-widget elementor-widget-divider\" data-id=\"f27c2b6\" data-element_type=\"widget\" data-e-type=\"widget\" data-widget_type=\"divider.default\">\n\t\t\t\t<div class=\"elementor-widget-container\">\n\t\t\t\t\t\t\t<div class=\"elementor-divider\">\n\t\t\t<span class=\"elementor-divider-separator\">\n\t\t\t\t\t\t<\/span>\n\t\t<\/div>\n\t\t\t\t\t\t<\/div>\n\t\t\t\t<\/div>\n\t\t\t\t<div class=\"elementor-element elementor-element-4cda1c5 elementor-widget elementor-widget-heading\" data-id=\"4cda1c5\" data-element_type=\"widget\" data-e-type=\"widget\" data-widget_type=\"heading.default\">\n\t\t\t\t<div class=\"elementor-widget-container\">\n\t\t\t\t\t<h1 class=\"elementor-heading-title elementor-size-default\">MANAGED QA\n<\/h1>\t\t\t\t<\/div>\n\t\t\t\t<\/div>\n\t\t\t\t\t<\/div>\n\t\t\t\t<\/div>\n\t\t\t\t\t<\/div>\n\t\t\t\t<\/div>\n\t\t<div class=\"elementor-element elementor-element-d1e9726 e-flex e-con-boxed e-con e-parent\" data-id=\"d1e9726\" data-element_type=\"container\" data-e-type=\"container\" data-settings=\"{&quot;background_background&quot;:&quot;classic&quot;,&quot;jet_parallax_layout_list&quot;:[]}\">\n\t\t\t\t\t<div class=\"e-con-inner\">\n\t\t<div class=\"elementor-element elementor-element-5e2d316 e-con-full e-flex e-con e-child\" data-id=\"5e2d316\" data-element_type=\"container\" data-e-type=\"container\" data-settings=\"{&quot;jet_parallax_layout_list&quot;:[]}\">\n\t\t<div class=\"elementor-element elementor-element-604935d e-flex e-con-boxed e-con e-child\" data-id=\"604935d\" data-element_type=\"container\" data-e-type=\"container\" data-settings=\"{&quot;jet_parallax_layout_list&quot;:[]}\">\n\t\t\t\t\t<div class=\"e-con-inner\">\n\t\t\t\t<div class=\"elementor-element elementor-element-e17b1fb elementor-widget elementor-widget-heading\" data-id=\"e17b1fb\" data-element_type=\"widget\" data-e-type=\"widget\" data-widget_type=\"heading.default\">\n\t\t\t\t<div class=\"elementor-widget-container\">\n\t\t\t\t\t<h2 class=\"elementor-heading-title elementor-size-default\">BOOK US AS A COMPETENCE CENTRE NOW!\n<\/h2>\t\t\t\t<\/div>\n\t\t\t\t<\/div>\n\t\t\t\t<div class=\"elementor-element elementor-element-917bcc2 elementor-widget-divider--view-line elementor-widget elementor-widget-divider\" data-id=\"917bcc2\" data-element_type=\"widget\" data-e-type=\"widget\" data-widget_type=\"divider.default\">\n\t\t\t\t<div class=\"elementor-widget-container\">\n\t\t\t\t\t\t\t<div class=\"elementor-divider\">\n\t\t\t<span class=\"elementor-divider-separator\">\n\t\t\t\t\t\t<\/span>\n\t\t<\/div>\n\t\t\t\t\t\t<\/div>\n\t\t\t\t<\/div>\n\t\t\t\t<div class=\"elementor-element elementor-element-5f0f5e5 elementor-widget elementor-widget-text-editor\" data-id=\"5f0f5e5\" data-element_type=\"widget\" data-e-type=\"widget\" data-widget_type=\"text-editor.default\">\n\t\t\t\t<div class=\"elementor-widget-container\">\n\t\t\t\t\t\t\t\t\t<div class=\"elementor-element elementor-element-4a1f350 elementor-widget elementor-widget-text-editor\" data-id=\"4a1f350\" data-element_type=\"widget\" data-widget_type=\"text-editor.default\"><div class=\"elementor-widget-container\"><p>We offer Quality Assurance Management to companies that lack the experts to handle this. When you have big projects with too little staff, your QA\/ Test services can be outsourced to us.<\/p><\/div><\/div><div class=\"elementor-element elementor-element-510ee29 elementor-widget elementor-widget-spacer\" data-id=\"510ee29\" data-element_type=\"widget\" data-widget_type=\"spacer.default\"><div class=\"elementor-widget-container\"><div class=\"elementor-spacer\">\u00a0<\/div><\/div><\/div>\t\t\t\t\t\t\t\t<\/div>\n\t\t\t\t<\/div>\n\t\t\t\t\t<\/div>\n\t\t\t\t<\/div>\n\t\t\t\t<\/div>\n\t\t<div class=\"elementor-element elementor-element-6686595 e-con-full e-flex e-con e-child\" data-id=\"6686595\" data-element_type=\"container\" data-e-type=\"container\" data-settings=\"{&quot;jet_parallax_layout_list&quot;:[]}\">\n\t\t<div class=\"elementor-element elementor-element-5abd27e e-flex e-con-boxed e-con e-child\" data-id=\"5abd27e\" data-element_type=\"container\" data-e-type=\"container\" data-settings=\"{&quot;jet_parallax_layout_list&quot;:[]}\">\n\t\t\t\t\t<div class=\"e-con-inner\">\n\t\t\t\t<div class=\"elementor-element elementor-element-bccc03d elementor-widget elementor-widget-heading\" data-id=\"bccc03d\" data-element_type=\"widget\" data-e-type=\"widget\" data-widget_type=\"heading.default\">\n\t\t\t\t<div class=\"elementor-widget-container\">\n\t\t\t\t\t<h2 class=\"elementor-heading-title elementor-size-default\">IMPORTANCE OF QUALITY ASSURANCE\n<\/h2>\t\t\t\t<\/div>\n\t\t\t\t<\/div>\n\t\t\t\t<div class=\"elementor-element elementor-element-05e49dc elementor-widget-divider--view-line elementor-widget elementor-widget-divider\" data-id=\"05e49dc\" data-element_type=\"widget\" data-e-type=\"widget\" data-widget_type=\"divider.default\">\n\t\t\t\t<div class=\"elementor-widget-container\">\n\t\t\t\t\t\t\t<div class=\"elementor-divider\">\n\t\t\t<span class=\"elementor-divider-separator\">\n\t\t\t\t\t\t<\/span>\n\t\t<\/div>\n\t\t\t\t\t\t<\/div>\n\t\t\t\t<\/div>\n\t\t\t\t<div class=\"elementor-element elementor-element-78ee8f8 elementor-widget elementor-widget-text-editor\" data-id=\"78ee8f8\" data-element_type=\"widget\" data-e-type=\"widget\" data-widget_type=\"text-editor.default\">\n\t\t\t\t<div class=\"elementor-widget-container\">\n\t\t\t\t\t\t\t\t\t<p>By managing your Quality assurance, we can help your company create products and services that meet your customers' needs, expectations, and requirements. Our quality assurance program's standards will ensure that any bugs or errors are detected and fixed in time.<\/p>\t\t\t\t\t\t\t\t<\/div>\n\t\t\t\t<\/div>\n\t\t\t\t\t<\/div>\n\t\t\t\t<\/div>\n\t\t\t\t<\/div>\n\t\t<div class=\"elementor-element elementor-element-2a5efa0 e-con-full e-flex e-con e-child\" data-id=\"2a5efa0\" data-element_type=\"container\" data-e-type=\"container\" data-settings=\"{&quot;jet_parallax_layout_list&quot;:[]}\">\n\t\t<div class=\"elementor-element elementor-element-756c71c e-flex e-con-boxed e-con e-child\" data-id=\"756c71c\" data-element_type=\"container\" data-e-type=\"container\" data-settings=\"{&quot;jet_parallax_layout_list&quot;:[]}\">\n\t\t\t\t\t<div class=\"e-con-inner\">\n\t\t\t\t<div class=\"elementor-element elementor-element-1796731 elementor-widget elementor-widget-heading\" data-id=\"1796731\" data-element_type=\"widget\" data-e-type=\"widget\" data-widget_type=\"heading.default\">\n\t\t\t\t<div class=\"elementor-widget-container\">\n\t\t\t\t\t<h2 class=\"elementor-heading-title elementor-size-default\">WE TAKE CARE OF MAIN QA MANAGEMENT PRINCIPLES\n<\/h2>\t\t\t\t<\/div>\n\t\t\t\t<\/div>\n\t\t\t\t<div class=\"elementor-element elementor-element-7f022e3 elementor-widget-divider--view-line elementor-widget elementor-widget-divider\" data-id=\"7f022e3\" data-element_type=\"widget\" data-e-type=\"widget\" data-widget_type=\"divider.default\">\n\t\t\t\t<div class=\"elementor-widget-container\">\n\t\t\t\t\t\t\t<div class=\"elementor-divider\">\n\t\t\t<span class=\"elementor-divider-separator\">\n\t\t\t\t\t\t<\/span>\n\t\t<\/div>\n\t\t\t\t\t\t<\/div>\n\t\t\t\t<\/div>\n\t\t\t\t<div class=\"elementor-element elementor-element-29ef2e8 elementor-widget elementor-widget-text-editor\" data-id=\"29ef2e8\" data-element_type=\"widget\" data-e-type=\"widget\" data-widget_type=\"text-editor.default\">\n\t\t\t\t<div class=\"elementor-widget-container\">\n\t\t\t\t\t\t\t\t\t<p>Test strategy \u2013 to ensure that the product has best quality by applying most compatible types of testing, tools, approaches and all risks have their mitigations<\/p><p>Test plan \u2013 to have a control on when, how, by whom the testing is performed and be sure that the product is delivered in time with desired quality.<\/p>\t\t\t\t\t\t\t\t<\/div>\n\t\t\t\t<\/div>\n\t\t\t\t\t<\/div>\n\t\t\t\t<\/div>\n\t\t\t\t<\/div>\n\t\t<div class=\"elementor-element elementor-element-678b9fd e-con-full e-flex e-con e-child\" data-id=\"678b9fd\" data-element_type=\"container\" data-e-type=\"container\" data-settings=\"{&quot;jet_parallax_layout_list&quot;:[]}\">\n\t\t<div class=\"elementor-element elementor-element-3d7fe58 e-flex e-con-boxed e-con e-child\" data-id=\"3d7fe58\" data-element_type=\"container\" data-e-type=\"container\" data-settings=\"{&quot;jet_parallax_layout_list&quot;:[]}\">\n\t\t\t\t\t<div class=\"e-con-inner\">\n\t\t\t\t<div class=\"elementor-element elementor-element-ac4de14 elementor-widget-divider--view-line elementor-widget elementor-widget-divider\" data-id=\"ac4de14\" data-element_type=\"widget\" data-e-type=\"widget\" data-widget_type=\"divider.default\">\n\t\t\t\t<div class=\"elementor-widget-container\">\n\t\t\t\t\t\t\t<div class=\"elementor-divider\">\n\t\t\t<span class=\"elementor-divider-separator\">\n\t\t\t\t\t\t<\/span>\n\t\t<\/div>\n\t\t\t\t\t\t<\/div>\n\t\t\t\t<\/div>\n\t\t\t\t<div class=\"elementor-element elementor-element-701ab5d elementor-widget elementor-widget-text-editor\" data-id=\"701ab5d\" data-element_type=\"widget\" data-e-type=\"widget\" data-widget_type=\"text-editor.default\">\n\t\t\t\t<div class=\"elementor-widget-container\">\n\t\t\t\t\t\t\t\t\t<p>Test scenarios and test cases \u2013 to have a structural approach of testing knowing that the product is verified in a proper way by all team members<\/p><p>Continuous testing \u2013 to implement QA standards and approaches throughout SDLC from the requirements to product support<\/p><p>Test data management \u2013 to be sure that real data will not make any faults after delivery to the market<\/p><p>Tools selection \u2013 to use best in class tools and services for product testing and quality assuring<\/p>\t\t\t\t\t\t\t\t<\/div>\n\t\t\t\t<\/div>\n\t\t\t\t\t<\/div>\n\t\t\t\t<\/div>\n\t\t\t\t<\/div>\n\t\t\t\t\t<\/div>\n\t\t\t\t<\/div>\n\t\t<div class=\"elementor-element elementor-element-53821f9 e-flex e-con-boxed e-con e-child\" data-id=\"53821f9\" data-element_type=\"container\" data-e-type=\"container\" data-settings=\"{&quot;jet_parallax_layout_list&quot;:[],&quot;background_background&quot;:&quot;classic&quot;}\">\n\t\t\t\t\t<div class=\"e-con-inner\">\n\t\t\t\t<div class=\"elementor-element elementor-element-fc2bf86 elementor-widget-divider--view-line elementor-widget elementor-widget-divider\" data-id=\"fc2bf86\" data-element_type=\"widget\" data-e-type=\"widget\" data-widget_type=\"divider.default\">\n\t\t\t\t<div class=\"elementor-widget-container\">\n\t\t\t\t\t\t\t<div class=\"elementor-divider\">\n\t\t\t<span class=\"elementor-divider-separator\">\n\t\t\t\t\t\t<\/span>\n\t\t<\/div>\n\t\t\t\t\t\t<\/div>\n\t\t\t\t<\/div>\n\t\t\t\t<div class=\"elementor-element elementor-element-3fc1832 elementor-widget elementor-widget-heading\" data-id=\"3fc1832\" data-element_type=\"widget\" data-e-type=\"widget\" data-widget_type=\"heading.default\">\n\t\t\t\t<div class=\"elementor-widget-container\">\n\t\t\t\t\t<h2 class=\"elementor-heading-title elementor-size-default\">QUICK ESTIMATE REQUEST\n<\/h2>\t\t\t\t<\/div>\n\t\t\t\t<\/div>\n\t\t\t\t<div class=\"elementor-element elementor-element-eac6320 elementor-widget elementor-widget-text-editor\" data-id=\"eac6320\" data-element_type=\"widget\" data-e-type=\"widget\" data-widget_type=\"text-editor.default\">\n\t\t\t\t<div class=\"elementor-widget-container\">\n\t\t\t\t\t\t\t\t\t<p>Rocketlab bietet Ihnen Erfahrung und Wissen aus zahlreichen Projekten globaler Unternehmen.<\/p><p>Our test experts have diverse knowledge in numerous disciplines to ensure holistic test coverage of highly scalable industrial applications.<\/p>\t\t\t\t\t\t\t\t<\/div>\n\t\t\t\t<\/div>\n\t\t\t\t<div class=\"elementor-element elementor-element-c50d343 elementor-align-left elementor-widget elementor-widget-button\" data-id=\"c50d343\" data-element_type=\"widget\" data-e-type=\"widget\" data-widget_type=\"button.default\">\n\t\t\t\t<div class=\"elementor-widget-container\">\n\t\t\t\t\t\t\t\t\t<div class=\"elementor-button-wrapper\">\n\t\t\t\t\t<a class=\"elementor-button elementor-button-link elementor-size-sm\" href=\"#\">\n\t\t\t\t\t\t<span class=\"elementor-button-content-wrapper\">\n\t\t\t\t\t\t<span class=\"elementor-button-icon\">\n\t\t\t\t<svg aria-hidden=\"true\" class=\"e-font-icon-svg e-fas-arrow-right\" viewbox=\"0 0 448 512\" xmlns=\"http:\/\/www.w3.org\/2000\/svg\"><path d=\"M190.5 66.9l22.2-22.2c9.4-9.4 24.6-9.4 33.9 0L441 239c9.4 9.4 9.4 24.6 0 33.9L246.6 467.3c-9.4 9.4-24.6 9.4-33.9 0l-22.2-22.2c-9.5-9.5-9.3-25 .4-34.3L311.4 296H24c-13.3 0-24-10.7-24-24v-32c0-13.3 10.7-24 24-24h287.4L190.9 101.2c-9.8-9.3-10-24.8-.4-34.3z\"><\/path><\/svg>\t\t\t<\/span>\n\t\t\t\t\t\t\t\t\t<span class=\"elementor-button-text\">GET YOUR ESTIMATE NOW<\/span>\n\t\t\t\t\t<\/span>\n\t\t\t\t\t<\/a>\n\t\t\t\t<\/div>\n\t\t\t\t\t\t\t\t<\/div>\n\t\t\t\t<\/div>\n\t\t\t\t\t<\/div>\n\t\t\t\t<\/div>\n\t\t\t\t<\/div>","protected":false},"excerpt":{"rendered":"<p>MANAGED QA BINDEN SIE UNS ALS KOMPETENZZENTRUM EIN! Wir bieten Qualit\u00e4tssicherungsmanagement f\u00fcr Unternehmen an, die nicht \u00fcber die n\u00f6tigen Fachleute verf\u00fcgen, um diese Aufgabe zu bew\u00e4ltigen. Wenn Sie gro\u00dfe Projekte mit zu wenig Personal haben, k\u00f6nnen Sie Ihre QS-\/ Testdienstleistungen an uns auslagern. \u00a0 VERANTWORTUNG F\u00dcR EINE QUALIT\u00c4TSSICHERUNG Durch die Durchf\u00fchrung Ihrer Qualit\u00e4tssicherung k\u00f6nnen wir [&hellip;]<\/p>\n","protected":false},"author":2,"featured_media":0,"parent":3975,"menu_order":0,"comment_status":"closed","ping_status":"closed","template":"","meta":{"footnotes":""},"class_list":["post-2654","page","type-page","status-publish","hentry"],"yoast_head":"<!-- This site is optimized with the Yoast SEO plugin v27.5 - https:\/\/yoast.com\/product\/yoast-seo-wordpress\/ -->\n<title>Managed QA \u2013 QA-Management (Legacy URL) | Quality.One<\/title>\n<meta name=\"description\" content=\"Managed QA im \u00dcberblick: Wir \u00fcbernehmen QA-Management, Teststrategie und Testplanung, damit Projekte trotz knapper Ressourcen liefern.\" \/>\n<meta name=\"robots\" content=\"index, follow, max-snippet:-1, max-image-preview:large, max-video-preview:-1\" \/>\n<link rel=\"canonical\" href=\"https:\/\/www.quality.one\/en\/leistungen\/software-lifecycle-qa-2\/\" \/>\n<meta property=\"og:locale\" content=\"en_US\" \/>\n<meta property=\"og:type\" content=\"article\" \/>\n<meta property=\"og:title\" content=\"Managed QA \u2013 QA-Management (Legacy URL) | Quality.One\" \/>\n<meta property=\"og:description\" content=\"Managed QA im \u00dcberblick: Wir \u00fcbernehmen QA-Management, Teststrategie und Testplanung, damit Projekte trotz knapper Ressourcen liefern.\" \/>\n<meta property=\"og:url\" content=\"https:\/\/www.quality.one\/en\/leistungen\/software-lifecycle-qa-2\/\" \/>\n<meta property=\"og:site_name\" content=\"QualityOne\" \/>\n<meta property=\"article:modified_time\" content=\"2026-01-31T15:10:13+00:00\" \/>\n<meta name=\"twitter:card\" content=\"summary_large_image\" \/>\n<meta name=\"twitter:label1\" content=\"Est. reading time\" \/>\n\t<meta name=\"twitter:data1\" content=\"2 minutes\" \/>\n<script type=\"application\/ld+json\" class=\"yoast-schema-graph\">{\"@context\":\"https:\\\/\\\/schema.org\",\"@graph\":[{\"@type\":[\"Article\",\"BlogPosting\"],\"@id\":\"https:\\\/\\\/www.quality.one\\\/leistungen\\\/software-lifecycle-qa-2\\\/#article\",\"isPartOf\":{\"@id\":\"https:\\\/\\\/www.quality.one\\\/leistungen\\\/software-lifecycle-qa-2\\\/\"},\"author\":{\"name\":\"Armin Haller\",\"@id\":\"https:\\\/\\\/www.quality.one\\\/#\\\/schema\\\/person\\\/895fbdf1157109b4fd715b895fa28b0f\"},\"headline\":\"Software Lifecycle QA\",\"datePublished\":\"2024-03-25T00:32:07+00:00\",\"dateModified\":\"2026-01-31T15:10:13+00:00\",\"mainEntityOfPage\":{\"@id\":\"https:\\\/\\\/www.quality.one\\\/leistungen\\\/software-lifecycle-qa-2\\\/\"},\"wordCount\":287,\"publisher\":{\"@id\":\"https:\\\/\\\/www.quality.one\\\/#organization\"},\"inLanguage\":\"en-US\"},{\"@type\":\"WebPage\",\"@id\":\"https:\\\/\\\/www.quality.one\\\/leistungen\\\/software-lifecycle-qa-2\\\/\",\"url\":\"https:\\\/\\\/www.quality.one\\\/leistungen\\\/software-lifecycle-qa-2\\\/\",\"name\":\"Managed QA \u2013 QA-Management (Legacy URL) | Quality.One\",\"isPartOf\":{\"@id\":\"https:\\\/\\\/www.quality.one\\\/#website\"},\"datePublished\":\"2024-03-25T00:32:07+00:00\",\"dateModified\":\"2026-01-31T15:10:13+00:00\",\"description\":\"Managed QA im \u00dcberblick: Wir \u00fcbernehmen QA-Management, Teststrategie und Testplanung, damit Projekte trotz knapper Ressourcen liefern.\",\"breadcrumb\":{\"@id\":\"https:\\\/\\\/www.quality.one\\\/leistungen\\\/software-lifecycle-qa-2\\\/#breadcrumb\"},\"inLanguage\":\"en-US\",\"potentialAction\":[{\"@type\":\"ReadAction\",\"target\":[\"https:\\\/\\\/www.quality.one\\\/leistungen\\\/software-lifecycle-qa-2\\\/\"]}]},{\"@type\":\"BreadcrumbList\",\"@id\":\"https:\\\/\\\/www.quality.one\\\/leistungen\\\/software-lifecycle-qa-2\\\/#breadcrumb\",\"itemListElement\":[{\"@type\":\"ListItem\",\"position\":1,\"name\":\"Home\",\"item\":\"https:\\\/\\\/www.quality.one\\\/\"},{\"@type\":\"ListItem\",\"position\":2,\"name\":\"Unsere Leistungen\",\"item\":\"https:\\\/\\\/www.quality.one\\\/leistungen\\\/\"},{\"@type\":\"ListItem\",\"position\":3,\"name\":\"Software Lifecycle QA\"}]},{\"@type\":\"WebSite\",\"@id\":\"https:\\\/\\\/www.quality.one\\\/#website\",\"url\":\"https:\\\/\\\/www.quality.one\\\/\",\"name\":\"QualityOne\",\"description\":\"pure play testing\",\"publisher\":{\"@id\":\"https:\\\/\\\/www.quality.one\\\/#organization\"},\"potentialAction\":[{\"@type\":\"SearchAction\",\"target\":{\"@type\":\"EntryPoint\",\"urlTemplate\":\"https:\\\/\\\/www.quality.one\\\/?s={search_term_string}\"},\"query-input\":{\"@type\":\"PropertyValueSpecification\",\"valueRequired\":true,\"valueName\":\"search_term_string\"}}],\"inLanguage\":\"en-US\"},{\"@type\":\"Organization\",\"@id\":\"https:\\\/\\\/www.quality.one\\\/#organization\",\"name\":\"QualityOne\",\"url\":\"https:\\\/\\\/www.quality.one\\\/\",\"logo\":{\"@type\":\"ImageObject\",\"inLanguage\":\"en-US\",\"@id\":\"https:\\\/\\\/www.quality.one\\\/#\\\/schema\\\/logo\\\/image\\\/\",\"url\":\"https:\\\/\\\/www.quality.one\\\/wp-content\\\/uploads\\\/cropped-Logo-Color-Positive-scaled-1.png\",\"contentUrl\":\"https:\\\/\\\/www.quality.one\\\/wp-content\\\/uploads\\\/cropped-Logo-Color-Positive-scaled-1.png\",\"width\":2558,\"height\":495,\"caption\":\"QualityOne\"},\"image\":{\"@id\":\"https:\\\/\\\/www.quality.one\\\/#\\\/schema\\\/logo\\\/image\\\/\"},\"sameAs\":[\"https:\\\/\\\/www.linkedin.com\\\/company\\\/qualityone-pureplaytesting\",\"https:\\\/\\\/bsky.app\\\/profile\\\/qualityone.bsky.social\"]},{\"@type\":\"Person\",\"@id\":\"https:\\\/\\\/www.quality.one\\\/#\\\/schema\\\/person\\\/895fbdf1157109b4fd715b895fa28b0f\",\"name\":\"Armin Haller\",\"url\":\"https:\\\/\\\/www.quality.one\\\/en\\\/author\\\/ahallerrocketlab-ch\\\/\"}]}<\/script>\n<!-- \/ Yoast SEO plugin. -->","yoast_head_json":{"title":"Managed QA \u2013 QA-Management (Legacy URL) | Quality.One","description":"Managed QA im \u00dcberblick: Wir \u00fcbernehmen QA-Management, Teststrategie und Testplanung, damit Projekte trotz knapper Ressourcen liefern.","robots":{"index":"index","follow":"follow","max-snippet":"max-snippet:-1","max-image-preview":"max-image-preview:large","max-video-preview":"max-video-preview:-1"},"canonical":"https:\/\/www.quality.one\/en\/leistungen\/software-lifecycle-qa-2\/","og_locale":"en_US","og_type":"article","og_title":"Managed QA \u2013 QA-Management (Legacy URL) | Quality.One","og_description":"Managed QA im \u00dcberblick: Wir \u00fcbernehmen QA-Management, Teststrategie und Testplanung, damit Projekte trotz knapper Ressourcen liefern.","og_url":"https:\/\/www.quality.one\/en\/leistungen\/software-lifecycle-qa-2\/","og_site_name":"QualityOne","article_modified_time":"2026-01-31T15:10:13+00:00","twitter_card":"summary_large_image","twitter_misc":{"Est. reading time":"2 minutes"},"schema":{"@context":"https:\/\/schema.org","@graph":[{"@type":["Article","BlogPosting"],"@id":"https:\/\/www.quality.one\/leistungen\/software-lifecycle-qa-2\/#article","isPartOf":{"@id":"https:\/\/www.quality.one\/leistungen\/software-lifecycle-qa-2\/"},"author":{"name":"Armin Haller","@id":"https:\/\/www.quality.one\/#\/schema\/person\/895fbdf1157109b4fd715b895fa28b0f"},"headline":"Software Lifecycle QA","datePublished":"2024-03-25T00:32:07+00:00","dateModified":"2026-01-31T15:10:13+00:00","mainEntityOfPage":{"@id":"https:\/\/www.quality.one\/leistungen\/software-lifecycle-qa-2\/"},"wordCount":287,"publisher":{"@id":"https:\/\/www.quality.one\/#organization"},"inLanguage":"en-US"},{"@type":"WebPage","@id":"https:\/\/www.quality.one\/leistungen\/software-lifecycle-qa-2\/","url":"https:\/\/www.quality.one\/leistungen\/software-lifecycle-qa-2\/","name":"Managed QA \u2013 QA-Management (Legacy URL) | Quality.One","isPartOf":{"@id":"https:\/\/www.quality.one\/#website"},"datePublished":"2024-03-25T00:32:07+00:00","dateModified":"2026-01-31T15:10:13+00:00","description":"Managed QA im \u00dcberblick: Wir \u00fcbernehmen QA-Management, Teststrategie und Testplanung, damit Projekte trotz knapper Ressourcen liefern.","breadcrumb":{"@id":"https:\/\/www.quality.one\/leistungen\/software-lifecycle-qa-2\/#breadcrumb"},"inLanguage":"en-US","potentialAction":[{"@type":"ReadAction","target":["https:\/\/www.quality.one\/leistungen\/software-lifecycle-qa-2\/"]}]},{"@type":"BreadcrumbList","@id":"https:\/\/www.quality.one\/leistungen\/software-lifecycle-qa-2\/#breadcrumb","itemListElement":[{"@type":"ListItem","position":1,"name":"Home","item":"https:\/\/www.quality.one\/"},{"@type":"ListItem","position":2,"name":"Unsere Leistungen","item":"https:\/\/www.quality.one\/leistungen\/"},{"@type":"ListItem","position":3,"name":"Software Lifecycle QA"}]},{"@type":"WebSite","@id":"https:\/\/www.quality.one\/#website","url":"https:\/\/www.quality.one\/","name":"QualityOne","description":"pure play testing","publisher":{"@id":"https:\/\/www.quality.one\/#organization"},"potentialAction":[{"@type":"SearchAction","target":{"@type":"EntryPoint","urlTemplate":"https:\/\/www.quality.one\/?s={search_term_string}"},"query-input":{"@type":"PropertyValueSpecification","valueRequired":true,"valueName":"search_term_string"}}],"inLanguage":"en-US"},{"@type":"Organization","@id":"https:\/\/www.quality.one\/#organization","name":"QualityOne","url":"https:\/\/www.quality.one\/","logo":{"@type":"ImageObject","inLanguage":"en-US","@id":"https:\/\/www.quality.one\/#\/schema\/logo\/image\/","url":"https:\/\/www.quality.one\/wp-content\/uploads\/cropped-Logo-Color-Positive-scaled-1.png","contentUrl":"https:\/\/www.quality.one\/wp-content\/uploads\/cropped-Logo-Color-Positive-scaled-1.png","width":2558,"height":495,"caption":"QualityOne"},"image":{"@id":"https:\/\/www.quality.one\/#\/schema\/logo\/image\/"},"sameAs":["https:\/\/www.linkedin.com\/company\/qualityone-pureplaytesting","https:\/\/bsky.app\/profile\/qualityone.bsky.social"]},{"@type":"Person","@id":"https:\/\/www.quality.one\/#\/schema\/person\/895fbdf1157109b4fd715b895fa28b0f","name":"Armin Haller","url":"https:\/\/www.quality.one\/en\/author\/ahallerrocketlab-ch\/"}]}},"_links":{"self":[{"href":"https:\/\/www.quality.one\/en\/wp-json\/wp\/v2\/pages\/2654","targetHints":{"allow":["GET"]}}],"collection":[{"href":"https:\/\/www.quality.one\/en\/wp-json\/wp\/v2\/pages"}],"about":[{"href":"https:\/\/www.quality.one\/en\/wp-json\/wp\/v2\/types\/page"}],"author":[{"embeddable":true,"href":"https:\/\/www.quality.one\/en\/wp-json\/wp\/v2\/users\/2"}],"replies":[{"embeddable":true,"href":"https:\/\/www.quality.one\/en\/wp-json\/wp\/v2\/comments?post=2654"}],"version-history":[{"count":0,"href":"https:\/\/www.quality.one\/en\/wp-json\/wp\/v2\/pages\/2654\/revisions"}],"up":[{"embeddable":true,"href":"https:\/\/www.quality.one\/en\/wp-json\/wp\/v2\/pages\/3975"}],"wp:attachment":[{"href":"https:\/\/www.quality.one\/en\/wp-json\/wp\/v2\/media?parent=2654"}],"curies":[{"name":"wp","href":"https:\/\/api.w.org\/{rel}","templated":true}]}}