{"id":2648,"date":"2024-03-25T02:02:13","date_gmt":"2024-03-25T00:02:13","guid":{"rendered":"https:\/\/www.quality.one\/?page_id=2648"},"modified":"2026-01-31T17:10:51","modified_gmt":"2026-01-31T15:10:51","slug":"software-lifecycle-qa","status":"publish","type":"page","link":"https:\/\/www.quality.one\/en\/leistungen\/software-lifecycle-qa\/","title":{"rendered":"Software Lifecycle QA"},"content":{"rendered":"\t\t<div data-elementor-type=\"wp-page\" data-elementor-id=\"2648\" class=\"elementor elementor-2648\" data-elementor-post-type=\"page\">\n\t\t\t\t<div class=\"elementor-element elementor-element-d6ba1f6 e-flex e-con-boxed e-con e-parent\" data-id=\"d6ba1f6\" data-element_type=\"container\" data-e-type=\"container\" data-settings=\"{&quot;background_background&quot;:&quot;classic&quot;,&quot;jet_parallax_layout_list&quot;:[]}\">\n\t\t\t\t\t<div class=\"e-con-inner\">\n\t\t<div class=\"elementor-element elementor-element-95e344c e-flex e-con-boxed e-con e-child\" data-id=\"95e344c\" data-element_type=\"container\" data-e-type=\"container\" data-settings=\"{&quot;jet_parallax_layout_list&quot;:[]}\">\n\t\t\t\t\t<div class=\"e-con-inner\">\n\t\t\t\t<div class=\"elementor-element elementor-element-f27c2b6 elementor-widget-divider--view-line elementor-widget elementor-widget-divider\" data-id=\"f27c2b6\" data-element_type=\"widget\" data-e-type=\"widget\" data-widget_type=\"divider.default\">\n\t\t\t\t<div class=\"elementor-widget-container\">\n\t\t\t\t\t\t\t<div class=\"elementor-divider\">\n\t\t\t<span class=\"elementor-divider-separator\">\n\t\t\t\t\t\t<\/span>\n\t\t<\/div>\n\t\t\t\t\t\t<\/div>\n\t\t\t\t<\/div>\n\t\t\t\t<div class=\"elementor-element elementor-element-4cda1c5 elementor-widget elementor-widget-heading\" data-id=\"4cda1c5\" data-element_type=\"widget\" data-e-type=\"widget\" data-widget_type=\"heading.default\">\n\t\t\t\t<div class=\"elementor-widget-container\">\n\t\t\t\t\t<h1 class=\"elementor-heading-title elementor-size-default\">SOFTWARE LIFECYCLE QA\n<\/h1>\t\t\t\t<\/div>\n\t\t\t\t<\/div>\n\t\t\t\t\t<\/div>\n\t\t\t\t<\/div>\n\t\t\t\t\t<\/div>\n\t\t\t\t<\/div>\n\t\t\t\t<section class=\"elementor-section elementor-top-section elementor-element elementor-element-ceb192a elementor-section-boxed elementor-section-height-default elementor-section-height-default\" data-id=\"ceb192a\" data-element_type=\"section\" data-e-type=\"section\" data-settings=\"{&quot;jet_parallax_layout_list&quot;:[{&quot;jet_parallax_layout_image&quot;:{&quot;url&quot;:&quot;&quot;,&quot;id&quot;:&quot;&quot;,&quot;size&quot;:&quot;&quot;},&quot;_id&quot;:&quot;d8b603d&quot;,&quot;jet_parallax_layout_image_tablet&quot;:{&quot;url&quot;:&quot;&quot;,&quot;id&quot;:&quot;&quot;,&quot;size&quot;:&quot;&quot;},&quot;jet_parallax_layout_image_mobile&quot;:{&quot;url&quot;:&quot;&quot;,&quot;id&quot;:&quot;&quot;,&quot;size&quot;:&quot;&quot;},&quot;jet_parallax_layout_speed&quot;:{&quot;unit&quot;:&quot;%&quot;,&quot;size&quot;:50,&quot;sizes&quot;:[]},&quot;jet_parallax_layout_type&quot;:&quot;scroll&quot;,&quot;jet_parallax_layout_direction&quot;:&quot;1&quot;,&quot;jet_parallax_layout_fx_direction&quot;:null,&quot;jet_parallax_layout_z_index&quot;:&quot;&quot;,&quot;jet_parallax_layout_bg_x&quot;:50,&quot;jet_parallax_layout_bg_x_tablet&quot;:&quot;&quot;,&quot;jet_parallax_layout_bg_x_mobile&quot;:&quot;&quot;,&quot;jet_parallax_layout_bg_y&quot;:50,&quot;jet_parallax_layout_bg_y_tablet&quot;:&quot;&quot;,&quot;jet_parallax_layout_bg_y_mobile&quot;:&quot;&quot;,&quot;jet_parallax_layout_bg_size&quot;:&quot;auto&quot;,&quot;jet_parallax_layout_bg_size_tablet&quot;:&quot;&quot;,&quot;jet_parallax_layout_bg_size_mobile&quot;:&quot;&quot;,&quot;jet_parallax_layout_animation_prop&quot;:&quot;transform&quot;,&quot;jet_parallax_layout_on&quot;:[&quot;desktop&quot;,&quot;tablet&quot;]}],&quot;background_background&quot;:&quot;classic&quot;}\">\n\t\t\t\t\t\t\t<div class=\"elementor-background-overlay\"><\/div>\n\t\t\t\t\t\t\t<div class=\"elementor-container elementor-column-gap-no\">\n\t\t\t\t\t<div class=\"elementor-column elementor-col-50 elementor-top-column elementor-element elementor-element-bda5553\" data-id=\"bda5553\" data-element_type=\"column\" data-e-type=\"column\" data-settings=\"{&quot;background_background&quot;:&quot;classic&quot;}\">\n\t\t\t<div class=\"elementor-widget-wrap elementor-element-populated\">\n\t\t\t\t\t\t<div class=\"elementor-element elementor-element-e50ea32 elementor-widget-divider--view-line elementor-widget elementor-widget-divider\" data-id=\"e50ea32\" data-element_type=\"widget\" data-e-type=\"widget\" data-widget_type=\"divider.default\">\n\t\t\t\t<div class=\"elementor-widget-container\">\n\t\t\t\t\t\t\t<div class=\"elementor-divider\">\n\t\t\t<span class=\"elementor-divider-separator\">\n\t\t\t\t\t\t<\/span>\n\t\t<\/div>\n\t\t\t\t\t\t<\/div>\n\t\t\t\t<\/div>\n\t\t\t\t<div class=\"elementor-element elementor-element-39cc82c elementor-widget elementor-widget-heading\" data-id=\"39cc82c\" data-element_type=\"widget\" data-e-type=\"widget\" data-widget_type=\"heading.default\">\n\t\t\t\t<div class=\"elementor-widget-container\">\n\t\t\t\t\t<h2 class=\"elementor-heading-title elementor-size-default\">QUALIT\u00c4TSSICHERUNG IN JEDER PHASE DES PROZESSES!\n<\/h2>\t\t\t\t<\/div>\n\t\t\t\t<\/div>\n\t\t\t\t<div class=\"elementor-element elementor-element-da4ce6c elementor-widget elementor-widget-text-editor\" data-id=\"da4ce6c\" data-element_type=\"widget\" data-e-type=\"widget\" data-widget_type=\"text-editor.default\">\n\t\t\t\t<div class=\"elementor-widget-container\">\n\t\t\t\t\t\t\t\t\t<p>Software Lifecycle Quality Assurances ist eine umfassende Pr\u00fcfung \u00fcber alle Phasen des Software-Lebenszyklus. Dazu geh\u00f6ren Unit- und Integrationstests, Systemtests, Leistungs- und Lasttests, Regressionstests, UAT, regelm\u00e4\u00dfig durchlaufende Tests, Code Review usw.<\/p><p>Software Lifecycle ist ein Softwareentwicklungsansatz, der eine Struktur f\u00fcr Entwickler schafft, um hochwertige Software zu entwerfen, zu erstellen und an den Kunden auszuliefern. Quality.One bietet Software Lifecycle QA an, um sicherzustellen, dass Ihr Produkt in jeder Phase der Softwareentwicklung funktional und fehlerfrei ist und ob der damit verbundene Gesamtprozess strikt eingehalten wird.<\/p>\t\t\t\t\t\t\t\t<\/div>\n\t\t\t\t<\/div>\n\t\t\t\t\t<\/div>\n\t\t<\/div>\n\t\t\t\t<div class=\"elementor-column elementor-col-50 elementor-top-column elementor-element elementor-element-25340cd\" data-id=\"25340cd\" data-element_type=\"column\" data-e-type=\"column\">\n\t\t\t<div class=\"elementor-widget-wrap\">\n\t\t\t\t\t\t\t<\/div>\n\t\t<\/div>\n\t\t\t\t\t<\/div>\n\t\t<\/section>\n\t\t\t\t<section class=\"elementor-section elementor-top-section elementor-element elementor-element-d486bf8 elementor-section-boxed elementor-section-height-default elementor-section-height-default\" data-id=\"d486bf8\" data-element_type=\"section\" data-e-type=\"section\" data-settings=\"{&quot;jet_parallax_layout_list&quot;:[{&quot;jet_parallax_layout_image&quot;:{&quot;url&quot;:&quot;&quot;,&quot;id&quot;:&quot;&quot;,&quot;size&quot;:&quot;&quot;},&quot;_id&quot;:&quot;d8b603d&quot;,&quot;jet_parallax_layout_image_tablet&quot;:{&quot;url&quot;:&quot;&quot;,&quot;id&quot;:&quot;&quot;,&quot;size&quot;:&quot;&quot;},&quot;jet_parallax_layout_image_mobile&quot;:{&quot;url&quot;:&quot;&quot;,&quot;id&quot;:&quot;&quot;,&quot;size&quot;:&quot;&quot;},&quot;jet_parallax_layout_speed&quot;:{&quot;unit&quot;:&quot;%&quot;,&quot;size&quot;:50,&quot;sizes&quot;:[]},&quot;jet_parallax_layout_type&quot;:&quot;scroll&quot;,&quot;jet_parallax_layout_direction&quot;:&quot;1&quot;,&quot;jet_parallax_layout_fx_direction&quot;:null,&quot;jet_parallax_layout_z_index&quot;:&quot;&quot;,&quot;jet_parallax_layout_bg_x&quot;:50,&quot;jet_parallax_layout_bg_x_tablet&quot;:&quot;&quot;,&quot;jet_parallax_layout_bg_x_mobile&quot;:&quot;&quot;,&quot;jet_parallax_layout_bg_y&quot;:50,&quot;jet_parallax_layout_bg_y_tablet&quot;:&quot;&quot;,&quot;jet_parallax_layout_bg_y_mobile&quot;:&quot;&quot;,&quot;jet_parallax_layout_bg_size&quot;:&quot;auto&quot;,&quot;jet_parallax_layout_bg_size_tablet&quot;:&quot;&quot;,&quot;jet_parallax_layout_bg_size_mobile&quot;:&quot;&quot;,&quot;jet_parallax_layout_animation_prop&quot;:&quot;transform&quot;,&quot;jet_parallax_layout_on&quot;:[&quot;desktop&quot;,&quot;tablet&quot;]}],&quot;background_background&quot;:&quot;classic&quot;}\">\n\t\t\t\t\t\t\t<div class=\"elementor-background-overlay\"><\/div>\n\t\t\t\t\t\t\t<div class=\"elementor-container elementor-column-gap-no\">\n\t\t\t\t\t<div class=\"elementor-column elementor-col-66 elementor-top-column elementor-element elementor-element-eb7f96a\" data-id=\"eb7f96a\" data-element_type=\"column\" data-e-type=\"column\">\n\t\t\t<div class=\"elementor-widget-wrap elementor-element-populated\">\n\t\t\t\t\t\t<div class=\"elementor-element elementor-element-6e92e9d elementor-widget-divider--view-line elementor-widget elementor-widget-divider\" data-id=\"6e92e9d\" data-element_type=\"widget\" data-e-type=\"widget\" data-widget_type=\"divider.default\">\n\t\t\t\t<div class=\"elementor-widget-container\">\n\t\t\t\t\t\t\t<div class=\"elementor-divider\">\n\t\t\t<span class=\"elementor-divider-separator\">\n\t\t\t\t\t\t<\/span>\n\t\t<\/div>\n\t\t\t\t\t\t<\/div>\n\t\t\t\t<\/div>\n\t\t\t\t<div class=\"elementor-element elementor-element-30918f6 elementor-widget elementor-widget-heading\" data-id=\"30918f6\" data-element_type=\"widget\" data-e-type=\"widget\" data-widget_type=\"heading.default\">\n\t\t\t\t<div class=\"elementor-widget-container\">\n\t\t\t\t\t<h2 class=\"elementor-heading-title elementor-size-default\">PHASEN DES SOFTWARE\nENTWICKLUNGSLEBENSZYKLUS<\/h2>\t\t\t\t<\/div>\n\t\t\t\t<\/div>\n\t\t\t\t<div class=\"elementor-element elementor-element-9f1a198 elementor-widget elementor-widget-text-editor\" data-id=\"9f1a198\" data-element_type=\"widget\" data-e-type=\"widget\" data-widget_type=\"text-editor.default\">\n\t\t\t\t<div class=\"elementor-widget-container\">\n\t\t\t\t\t\t\t\t\t<ul><li>Project Planung<\/li><li>Analyse &amp; Anforderungs Management<\/li><li>Design<\/li><li>Entwicklung der Einf\u00fchrung<\/li><li>Testing<\/li><li>Deployment<\/li><li>Wartung (und Weiterentwicklung)<\/li><\/ul>\t\t\t\t\t\t\t\t<\/div>\n\t\t\t\t<\/div>\n\t\t\t\t\t<\/div>\n\t\t<\/div>\n\t\t\t\t<div class=\"elementor-column elementor-col-33 elementor-top-column elementor-element elementor-element-6b6442f\" data-id=\"6b6442f\" data-element_type=\"column\" data-e-type=\"column\" data-settings=\"{&quot;background_background&quot;:&quot;classic&quot;}\">\n\t\t\t<div class=\"elementor-widget-wrap\">\n\t\t\t\t\t\t\t<\/div>\n\t\t<\/div>\n\t\t\t\t\t<\/div>\n\t\t<\/section>\n\t\t<div class=\"elementor-element elementor-element-4bc3b79 e-flex e-con-boxed e-con e-child\" data-id=\"4bc3b79\" data-element_type=\"container\" data-e-type=\"container\" data-settings=\"{&quot;jet_parallax_layout_list&quot;:[],&quot;background_background&quot;:&quot;classic&quot;}\">\n\t\t\t\t\t<div class=\"e-con-inner\">\n\t\t\t\t<div class=\"elementor-element elementor-element-ff8270b elementor-widget-divider--view-line elementor-widget elementor-widget-divider\" data-id=\"ff8270b\" data-element_type=\"widget\" data-e-type=\"widget\" data-widget_type=\"divider.default\">\n\t\t\t\t<div class=\"elementor-widget-container\">\n\t\t\t\t\t\t\t<div class=\"elementor-divider\">\n\t\t\t<span class=\"elementor-divider-separator\">\n\t\t\t\t\t\t<\/span>\n\t\t<\/div>\n\t\t\t\t\t\t<\/div>\n\t\t\t\t<\/div>\n\t\t\t\t<div class=\"elementor-element elementor-element-ef4c46b elementor-widget elementor-widget-heading\" data-id=\"ef4c46b\" data-element_type=\"widget\" data-e-type=\"widget\" data-widget_type=\"heading.default\">\n\t\t\t\t<div class=\"elementor-widget-container\">\n\t\t\t\t\t<h2 class=\"elementor-heading-title elementor-size-default\">ANGEBOT SCHNELLANFRAGE\n<\/h2>\t\t\t\t<\/div>\n\t\t\t\t<\/div>\n\t\t\t\t<div class=\"elementor-element elementor-element-9a033f1 elementor-widget elementor-widget-text-editor\" data-id=\"9a033f1\" data-element_type=\"widget\" data-e-type=\"widget\" data-widget_type=\"text-editor.default\">\n\t\t\t\t<div class=\"elementor-widget-container\">\n\t\t\t\t\t\t\t\t\t<p>Quality.One bietet Ihnen Erfahrung und Wissen aus zahlreichen Projekten globaler Unternehmen.<\/p><p>Unsere Test Experten besitzen verschiedenartige Kenntnisse in zahlreichen Disziplinen, um eine holistische Testabdeckung hochskalierbarer Industrieanwendungen gew\u00e4hrleisten zu k\u00f6nnen.<\/p>\t\t\t\t\t\t\t\t<\/div>\n\t\t\t\t<\/div>\n\t\t\t\t<div class=\"elementor-element elementor-element-208c76a elementor-align-center elementor-widget elementor-widget-button\" data-id=\"208c76a\" data-element_type=\"widget\" data-e-type=\"widget\" data-widget_type=\"button.default\">\n\t\t\t\t<div class=\"elementor-widget-container\">\n\t\t\t\t\t\t\t\t\t<div class=\"elementor-button-wrapper\">\n\t\t\t\t\t<a class=\"elementor-button elementor-button-link elementor-size-sm\" href=\"https:\/\/www.quality.one\/get-an-estimate\/\">\n\t\t\t\t\t\t<span class=\"elementor-button-content-wrapper\">\n\t\t\t\t\t\t<span class=\"elementor-button-icon\">\n\t\t\t\t<svg aria-hidden=\"true\" class=\"e-font-icon-svg e-fas-arrow-right\" viewBox=\"0 0 448 512\" xmlns=\"http:\/\/www.w3.org\/2000\/svg\"><path d=\"M190.5 66.9l22.2-22.2c9.4-9.4 24.6-9.4 33.9 0L441 239c9.4 9.4 9.4 24.6 0 33.9L246.6 467.3c-9.4 9.4-24.6 9.4-33.9 0l-22.2-22.2c-9.5-9.5-9.3-25 .4-34.3L311.4 296H24c-13.3 0-24-10.7-24-24v-32c0-13.3 10.7-24 24-24h287.4L190.9 101.2c-9.8-9.3-10-24.8-.4-34.3z\"><\/path><\/svg>\t\t\t<\/span>\n\t\t\t\t\t\t\t\t\t<span class=\"elementor-button-text\">Jetzt Angebot einholen<\/span>\n\t\t\t\t\t<\/span>\n\t\t\t\t\t<\/a>\n\t\t\t\t<\/div>\n\t\t\t\t\t\t\t\t<\/div>\n\t\t\t\t<\/div>\n\t\t\t\t\t<\/div>\n\t\t\t\t<\/div>\n\t\t\t\t<\/div>\n\t\t","protected":false},"excerpt":{"rendered":"<p>SOFTWARE LIFECYCLE QA QUALIT\u00c4TSSICHERUNG IN JEDER PHASE DES PROZESSES! Software Lifecycle Quality Assurances ist eine umfassende Pr\u00fcfung \u00fcber alle Phasen des Software-Lebenszyklus. Dazu geh\u00f6ren Unit- und Integrationstests, Systemtests, Leistungs- und Lasttests, Regressionstests, UAT, regelm\u00e4\u00dfig durchlaufende Tests, Code Review usw. Software Lifecycle ist ein Softwareentwicklungsansatz, der eine Struktur f\u00fcr Entwickler schafft, um hochwertige Software zu entwerfen, [&hellip;]<\/p>\n","protected":false},"author":2,"featured_media":0,"parent":3975,"menu_order":0,"comment_status":"closed","ping_status":"closed","template":"","meta":{"footnotes":""},"class_list":["post-2648","page","type-page","status-publish","hentry"],"yoast_head":"<!-- This site is optimized with the Yoast SEO plugin v27.4 - https:\/\/yoast.com\/product\/yoast-seo-wordpress\/ -->\n<title>Software Lifecycle QA \u2013 Qualit\u00e4t im SDLC | Quality.One<\/title>\n<meta name=\"description\" content=\"Software Lifecycle QA pr\u00fcft Qualit\u00e4t in jeder Phase: Unit-, Integrations-, System-, Regression-, UAT- und Performance-Tests f\u00fcr Releases.\" \/>\n<meta name=\"robots\" content=\"index, follow, max-snippet:-1, max-image-preview:large, max-video-preview:-1\" \/>\n<link rel=\"canonical\" href=\"https:\/\/www.quality.one\/en\/leistungen\/software-lifecycle-qa\/\" \/>\n<meta property=\"og:locale\" content=\"en_US\" \/>\n<meta property=\"og:type\" content=\"article\" \/>\n<meta property=\"og:title\" content=\"Software Lifecycle QA \u2013 Qualit\u00e4t im SDLC | Quality.One\" \/>\n<meta property=\"og:description\" content=\"Software Lifecycle QA pr\u00fcft Qualit\u00e4t in jeder Phase: Unit-, Integrations-, System-, Regression-, UAT- und Performance-Tests f\u00fcr Releases.\" \/>\n<meta property=\"og:url\" content=\"https:\/\/www.quality.one\/en\/leistungen\/software-lifecycle-qa\/\" \/>\n<meta property=\"og:site_name\" content=\"QualityOne\" \/>\n<meta property=\"article:modified_time\" content=\"2026-01-31T15:10:51+00:00\" \/>\n<meta name=\"twitter:card\" content=\"summary_large_image\" \/>\n<meta name=\"twitter:label1\" content=\"Est. reading time\" \/>\n\t<meta name=\"twitter:data1\" content=\"1 minute\" \/>\n<script type=\"application\/ld+json\" class=\"yoast-schema-graph\">{\"@context\":\"https:\\\/\\\/schema.org\",\"@graph\":[{\"@type\":[\"Article\",\"BlogPosting\"],\"@id\":\"https:\\\/\\\/www.quality.one\\\/leistungen\\\/software-lifecycle-qa\\\/#article\",\"isPartOf\":{\"@id\":\"https:\\\/\\\/www.quality.one\\\/leistungen\\\/software-lifecycle-qa\\\/\"},\"author\":{\"name\":\"Armin Haller\",\"@id\":\"https:\\\/\\\/www.quality.one\\\/#\\\/schema\\\/person\\\/895fbdf1157109b4fd715b895fa28b0f\"},\"headline\":\"Software Lifecycle QA\",\"datePublished\":\"2024-03-25T00:02:13+00:00\",\"dateModified\":\"2026-01-31T15:10:51+00:00\",\"mainEntityOfPage\":{\"@id\":\"https:\\\/\\\/www.quality.one\\\/leistungen\\\/software-lifecycle-qa\\\/\"},\"wordCount\":157,\"publisher\":{\"@id\":\"https:\\\/\\\/www.quality.one\\\/#organization\"},\"inLanguage\":\"en-US\"},{\"@type\":\"WebPage\",\"@id\":\"https:\\\/\\\/www.quality.one\\\/leistungen\\\/software-lifecycle-qa\\\/\",\"url\":\"https:\\\/\\\/www.quality.one\\\/leistungen\\\/software-lifecycle-qa\\\/\",\"name\":\"Software Lifecycle QA \u2013 Qualit\u00e4t im SDLC | Quality.One\",\"isPartOf\":{\"@id\":\"https:\\\/\\\/www.quality.one\\\/#website\"},\"datePublished\":\"2024-03-25T00:02:13+00:00\",\"dateModified\":\"2026-01-31T15:10:51+00:00\",\"description\":\"Software Lifecycle QA pr\u00fcft Qualit\u00e4t in jeder Phase: Unit-, Integrations-, System-, Regression-, UAT- und Performance-Tests f\u00fcr Releases.\",\"breadcrumb\":{\"@id\":\"https:\\\/\\\/www.quality.one\\\/leistungen\\\/software-lifecycle-qa\\\/#breadcrumb\"},\"inLanguage\":\"en-US\",\"potentialAction\":[{\"@type\":\"ReadAction\",\"target\":[\"https:\\\/\\\/www.quality.one\\\/leistungen\\\/software-lifecycle-qa\\\/\"]}]},{\"@type\":\"BreadcrumbList\",\"@id\":\"https:\\\/\\\/www.quality.one\\\/leistungen\\\/software-lifecycle-qa\\\/#breadcrumb\",\"itemListElement\":[{\"@type\":\"ListItem\",\"position\":1,\"name\":\"Home\",\"item\":\"https:\\\/\\\/www.quality.one\\\/\"},{\"@type\":\"ListItem\",\"position\":2,\"name\":\"Unsere Leistungen\",\"item\":\"https:\\\/\\\/www.quality.one\\\/leistungen\\\/\"},{\"@type\":\"ListItem\",\"position\":3,\"name\":\"Software Lifecycle QA\"}]},{\"@type\":\"WebSite\",\"@id\":\"https:\\\/\\\/www.quality.one\\\/#website\",\"url\":\"https:\\\/\\\/www.quality.one\\\/\",\"name\":\"QualityOne\",\"description\":\"pure play testing\",\"publisher\":{\"@id\":\"https:\\\/\\\/www.quality.one\\\/#organization\"},\"potentialAction\":[{\"@type\":\"SearchAction\",\"target\":{\"@type\":\"EntryPoint\",\"urlTemplate\":\"https:\\\/\\\/www.quality.one\\\/?s={search_term_string}\"},\"query-input\":{\"@type\":\"PropertyValueSpecification\",\"valueRequired\":true,\"valueName\":\"search_term_string\"}}],\"inLanguage\":\"en-US\"},{\"@type\":\"Organization\",\"@id\":\"https:\\\/\\\/www.quality.one\\\/#organization\",\"name\":\"QualityOne\",\"url\":\"https:\\\/\\\/www.quality.one\\\/\",\"logo\":{\"@type\":\"ImageObject\",\"inLanguage\":\"en-US\",\"@id\":\"https:\\\/\\\/www.quality.one\\\/#\\\/schema\\\/logo\\\/image\\\/\",\"url\":\"https:\\\/\\\/www.quality.one\\\/wp-content\\\/uploads\\\/cropped-Logo-Color-Positive-scaled-1.png\",\"contentUrl\":\"https:\\\/\\\/www.quality.one\\\/wp-content\\\/uploads\\\/cropped-Logo-Color-Positive-scaled-1.png\",\"width\":2558,\"height\":495,\"caption\":\"QualityOne\"},\"image\":{\"@id\":\"https:\\\/\\\/www.quality.one\\\/#\\\/schema\\\/logo\\\/image\\\/\"},\"sameAs\":[\"https:\\\/\\\/www.linkedin.com\\\/company\\\/qualityone-pureplaytesting\",\"https:\\\/\\\/bsky.app\\\/profile\\\/qualityone.bsky.social\"]},{\"@type\":\"Person\",\"@id\":\"https:\\\/\\\/www.quality.one\\\/#\\\/schema\\\/person\\\/895fbdf1157109b4fd715b895fa28b0f\",\"name\":\"Armin Haller\",\"url\":\"https:\\\/\\\/www.quality.one\\\/en\\\/author\\\/ahallerrocketlab-ch\\\/\"}]}<\/script>\n<!-- \/ Yoast SEO plugin. -->","yoast_head_json":{"title":"Software Lifecycle QA \u2013 Qualit\u00e4t im SDLC | Quality.One","description":"Software Lifecycle QA pr\u00fcft Qualit\u00e4t in jeder Phase: Unit-, Integrations-, System-, Regression-, UAT- und Performance-Tests f\u00fcr Releases.","robots":{"index":"index","follow":"follow","max-snippet":"max-snippet:-1","max-image-preview":"max-image-preview:large","max-video-preview":"max-video-preview:-1"},"canonical":"https:\/\/www.quality.one\/en\/leistungen\/software-lifecycle-qa\/","og_locale":"en_US","og_type":"article","og_title":"Software Lifecycle QA \u2013 Qualit\u00e4t im SDLC | Quality.One","og_description":"Software Lifecycle QA pr\u00fcft Qualit\u00e4t in jeder Phase: Unit-, Integrations-, System-, Regression-, UAT- und Performance-Tests f\u00fcr Releases.","og_url":"https:\/\/www.quality.one\/en\/leistungen\/software-lifecycle-qa\/","og_site_name":"QualityOne","article_modified_time":"2026-01-31T15:10:51+00:00","twitter_card":"summary_large_image","twitter_misc":{"Est. reading time":"1 minute"},"schema":{"@context":"https:\/\/schema.org","@graph":[{"@type":["Article","BlogPosting"],"@id":"https:\/\/www.quality.one\/leistungen\/software-lifecycle-qa\/#article","isPartOf":{"@id":"https:\/\/www.quality.one\/leistungen\/software-lifecycle-qa\/"},"author":{"name":"Armin Haller","@id":"https:\/\/www.quality.one\/#\/schema\/person\/895fbdf1157109b4fd715b895fa28b0f"},"headline":"Software Lifecycle QA","datePublished":"2024-03-25T00:02:13+00:00","dateModified":"2026-01-31T15:10:51+00:00","mainEntityOfPage":{"@id":"https:\/\/www.quality.one\/leistungen\/software-lifecycle-qa\/"},"wordCount":157,"publisher":{"@id":"https:\/\/www.quality.one\/#organization"},"inLanguage":"en-US"},{"@type":"WebPage","@id":"https:\/\/www.quality.one\/leistungen\/software-lifecycle-qa\/","url":"https:\/\/www.quality.one\/leistungen\/software-lifecycle-qa\/","name":"Software Lifecycle QA \u2013 Qualit\u00e4t im SDLC | Quality.One","isPartOf":{"@id":"https:\/\/www.quality.one\/#website"},"datePublished":"2024-03-25T00:02:13+00:00","dateModified":"2026-01-31T15:10:51+00:00","description":"Software Lifecycle QA pr\u00fcft Qualit\u00e4t in jeder Phase: Unit-, Integrations-, System-, Regression-, UAT- und Performance-Tests f\u00fcr Releases.","breadcrumb":{"@id":"https:\/\/www.quality.one\/leistungen\/software-lifecycle-qa\/#breadcrumb"},"inLanguage":"en-US","potentialAction":[{"@type":"ReadAction","target":["https:\/\/www.quality.one\/leistungen\/software-lifecycle-qa\/"]}]},{"@type":"BreadcrumbList","@id":"https:\/\/www.quality.one\/leistungen\/software-lifecycle-qa\/#breadcrumb","itemListElement":[{"@type":"ListItem","position":1,"name":"Home","item":"https:\/\/www.quality.one\/"},{"@type":"ListItem","position":2,"name":"Unsere Leistungen","item":"https:\/\/www.quality.one\/leistungen\/"},{"@type":"ListItem","position":3,"name":"Software Lifecycle QA"}]},{"@type":"WebSite","@id":"https:\/\/www.quality.one\/#website","url":"https:\/\/www.quality.one\/","name":"QualityOne","description":"pure play testing","publisher":{"@id":"https:\/\/www.quality.one\/#organization"},"potentialAction":[{"@type":"SearchAction","target":{"@type":"EntryPoint","urlTemplate":"https:\/\/www.quality.one\/?s={search_term_string}"},"query-input":{"@type":"PropertyValueSpecification","valueRequired":true,"valueName":"search_term_string"}}],"inLanguage":"en-US"},{"@type":"Organization","@id":"https:\/\/www.quality.one\/#organization","name":"QualityOne","url":"https:\/\/www.quality.one\/","logo":{"@type":"ImageObject","inLanguage":"en-US","@id":"https:\/\/www.quality.one\/#\/schema\/logo\/image\/","url":"https:\/\/www.quality.one\/wp-content\/uploads\/cropped-Logo-Color-Positive-scaled-1.png","contentUrl":"https:\/\/www.quality.one\/wp-content\/uploads\/cropped-Logo-Color-Positive-scaled-1.png","width":2558,"height":495,"caption":"QualityOne"},"image":{"@id":"https:\/\/www.quality.one\/#\/schema\/logo\/image\/"},"sameAs":["https:\/\/www.linkedin.com\/company\/qualityone-pureplaytesting","https:\/\/bsky.app\/profile\/qualityone.bsky.social"]},{"@type":"Person","@id":"https:\/\/www.quality.one\/#\/schema\/person\/895fbdf1157109b4fd715b895fa28b0f","name":"Armin Haller","url":"https:\/\/www.quality.one\/en\/author\/ahallerrocketlab-ch\/"}]}},"_links":{"self":[{"href":"https:\/\/www.quality.one\/en\/wp-json\/wp\/v2\/pages\/2648","targetHints":{"allow":["GET"]}}],"collection":[{"href":"https:\/\/www.quality.one\/en\/wp-json\/wp\/v2\/pages"}],"about":[{"href":"https:\/\/www.quality.one\/en\/wp-json\/wp\/v2\/types\/page"}],"author":[{"embeddable":true,"href":"https:\/\/www.quality.one\/en\/wp-json\/wp\/v2\/users\/2"}],"replies":[{"embeddable":true,"href":"https:\/\/www.quality.one\/en\/wp-json\/wp\/v2\/comments?post=2648"}],"version-history":[{"count":0,"href":"https:\/\/www.quality.one\/en\/wp-json\/wp\/v2\/pages\/2648\/revisions"}],"up":[{"embeddable":true,"href":"https:\/\/www.quality.one\/en\/wp-json\/wp\/v2\/pages\/3975"}],"wp:attachment":[{"href":"https:\/\/www.quality.one\/en\/wp-json\/wp\/v2\/media?parent=2648"}],"curies":[{"name":"wp","href":"https:\/\/api.w.org\/{rel}","templated":true}]}}