{"id":2643,"date":"2024-03-25T01:30:30","date_gmt":"2024-03-24T23:30:30","guid":{"rendered":"https:\/\/www.quality.one\/?page_id=2643"},"modified":"2026-01-31T17:05:00","modified_gmt":"2026-01-31T15:05:00","slug":"qa-consultancy","status":"publish","type":"page","link":"https:\/\/www.quality.one\/en\/leistungen\/qa-consultancy\/","title":{"rendered":"QA Consultancy"},"content":{"rendered":"\t\t<div data-elementor-type=\"wp-page\" data-elementor-id=\"2643\" class=\"elementor elementor-2643\" data-elementor-post-type=\"page\">\n\t\t\t\t<div class=\"elementor-element elementor-element-d6ba1f6 e-flex e-con-boxed e-con e-parent\" data-id=\"d6ba1f6\" data-element_type=\"container\" data-e-type=\"container\" data-settings=\"{&quot;background_background&quot;:&quot;classic&quot;,&quot;jet_parallax_layout_list&quot;:[]}\">\n\t\t\t\t\t<div class=\"e-con-inner\">\n\t\t<div class=\"elementor-element elementor-element-95e344c e-flex e-con-boxed e-con e-child\" data-id=\"95e344c\" data-element_type=\"container\" data-e-type=\"container\" data-settings=\"{&quot;jet_parallax_layout_list&quot;:[]}\">\n\t\t\t\t\t<div class=\"e-con-inner\">\n\t\t\t\t<div class=\"elementor-element elementor-element-f27c2b6 elementor-widget-divider--view-line elementor-widget elementor-widget-divider\" data-id=\"f27c2b6\" data-element_type=\"widget\" data-e-type=\"widget\" data-widget_type=\"divider.default\">\n\t\t\t\t<div class=\"elementor-widget-container\">\n\t\t\t\t\t\t\t<div class=\"elementor-divider\">\n\t\t\t<span class=\"elementor-divider-separator\">\n\t\t\t\t\t\t<\/span>\n\t\t<\/div>\n\t\t\t\t\t\t<\/div>\n\t\t\t\t<\/div>\n\t\t\t\t<div class=\"elementor-element elementor-element-4cda1c5 elementor-widget elementor-widget-heading\" data-id=\"4cda1c5\" data-element_type=\"widget\" data-e-type=\"widget\" data-widget_type=\"heading.default\">\n\t\t\t\t<div class=\"elementor-widget-container\">\n\t\t\t\t\t<h1 class=\"elementor-heading-title elementor-size-default\">QA CONSULTANCY\n<\/h1>\t\t\t\t<\/div>\n\t\t\t\t<\/div>\n\t\t\t\t\t<\/div>\n\t\t\t\t<\/div>\n\t\t\t\t\t<\/div>\n\t\t\t\t<\/div>\n\t\t\t\t<section class=\"elementor-section elementor-top-section elementor-element elementor-element-ceb192a elementor-section-boxed elementor-section-height-default elementor-section-height-default\" data-id=\"ceb192a\" data-element_type=\"section\" data-e-type=\"section\" data-settings=\"{&quot;jet_parallax_layout_list&quot;:[{&quot;jet_parallax_layout_image&quot;:{&quot;url&quot;:&quot;&quot;,&quot;id&quot;:&quot;&quot;,&quot;size&quot;:&quot;&quot;},&quot;_id&quot;:&quot;d8b603d&quot;,&quot;jet_parallax_layout_image_tablet&quot;:{&quot;url&quot;:&quot;&quot;,&quot;id&quot;:&quot;&quot;,&quot;size&quot;:&quot;&quot;},&quot;jet_parallax_layout_image_mobile&quot;:{&quot;url&quot;:&quot;&quot;,&quot;id&quot;:&quot;&quot;,&quot;size&quot;:&quot;&quot;},&quot;jet_parallax_layout_speed&quot;:{&quot;unit&quot;:&quot;%&quot;,&quot;size&quot;:50,&quot;sizes&quot;:[]},&quot;jet_parallax_layout_type&quot;:&quot;scroll&quot;,&quot;jet_parallax_layout_direction&quot;:&quot;1&quot;,&quot;jet_parallax_layout_fx_direction&quot;:null,&quot;jet_parallax_layout_z_index&quot;:&quot;&quot;,&quot;jet_parallax_layout_bg_x&quot;:50,&quot;jet_parallax_layout_bg_x_tablet&quot;:&quot;&quot;,&quot;jet_parallax_layout_bg_x_mobile&quot;:&quot;&quot;,&quot;jet_parallax_layout_bg_y&quot;:50,&quot;jet_parallax_layout_bg_y_tablet&quot;:&quot;&quot;,&quot;jet_parallax_layout_bg_y_mobile&quot;:&quot;&quot;,&quot;jet_parallax_layout_bg_size&quot;:&quot;auto&quot;,&quot;jet_parallax_layout_bg_size_tablet&quot;:&quot;&quot;,&quot;jet_parallax_layout_bg_size_mobile&quot;:&quot;&quot;,&quot;jet_parallax_layout_animation_prop&quot;:&quot;transform&quot;,&quot;jet_parallax_layout_on&quot;:[&quot;desktop&quot;,&quot;tablet&quot;]}],&quot;background_background&quot;:&quot;classic&quot;}\">\n\t\t\t\t\t\t\t<div class=\"elementor-background-overlay\"><\/div>\n\t\t\t\t\t\t\t<div class=\"elementor-container elementor-column-gap-no\">\n\t\t\t\t\t<div class=\"elementor-column elementor-col-50 elementor-top-column elementor-element elementor-element-bda5553\" data-id=\"bda5553\" data-element_type=\"column\" data-e-type=\"column\" data-settings=\"{&quot;background_background&quot;:&quot;classic&quot;}\">\n\t\t\t<div class=\"elementor-widget-wrap elementor-element-populated\">\n\t\t\t\t\t\t<div class=\"elementor-element elementor-element-e50ea32 elementor-widget-divider--view-line elementor-widget elementor-widget-divider\" data-id=\"e50ea32\" data-element_type=\"widget\" data-e-type=\"widget\" data-widget_type=\"divider.default\">\n\t\t\t\t<div class=\"elementor-widget-container\">\n\t\t\t\t\t\t\t<div class=\"elementor-divider\">\n\t\t\t<span class=\"elementor-divider-separator\">\n\t\t\t\t\t\t<\/span>\n\t\t<\/div>\n\t\t\t\t\t\t<\/div>\n\t\t\t\t<\/div>\n\t\t\t\t<div class=\"elementor-element elementor-element-39cc82c elementor-widget elementor-widget-heading\" data-id=\"39cc82c\" data-element_type=\"widget\" data-e-type=\"widget\" data-widget_type=\"heading.default\">\n\t\t\t\t<div class=\"elementor-widget-container\">\n\t\t\t\t\t<h2 class=\"elementor-heading-title elementor-size-default\">IHRE EIGENE QUALIT\u00c4TSSICHERUNG OPTIMIEREN\n<\/h2>\t\t\t\t<\/div>\n\t\t\t\t<\/div>\n\t\t\t\t<div class=\"elementor-element elementor-element-da4ce6c elementor-widget elementor-widget-text-editor\" data-id=\"da4ce6c\" data-element_type=\"widget\" data-e-type=\"widget\" data-widget_type=\"text-editor.default\">\n\t\t\t\t<div class=\"elementor-widget-container\">\n\t\t\t\t\t\t\t\t\t<p>QA \u2013 Quality Assurance (Qualit\u00e4tssicherung) ist ein wesentlicher Bestandteil der Produktentwicklung. Qualit\u00e4tssicherung (QS\/ QA) ist der systematische Prozess, mit dem festgestellt wird, ob ein Produkt oder eine Dienstleistung den festgelegten Anforderungen entspricht. Einige Unternehmen verf\u00fcgen \u00fcber keinerlei Tests\/ Qualit\u00e4tssicherung, und hier kommen wir ins Spiel. Quality.One implementiert dies in ihre Unternehmens-Infrastruktur, und wenn es bereits vorhanden ist, optimieren wir vorhandenen Prozesse.<\/p><div class=\"elementor-element elementor-element-a1d650d elementor-widget elementor-widget-spacer\" data-id=\"a1d650d\" data-element_type=\"widget\" data-widget_type=\"spacer.default\"><div class=\"elementor-widget-container\"><div class=\"elementor-spacer\">Die Qualit\u00e4tssicherung gew\u00e4hrleistet die Wirksamkeit und Zuverl\u00e4ssigkeit Ihrer Produkte. Sie erh\u00f6ht die Glaubw\u00fcrdigkeit Ihres Unternehmens und gibt Ihren Kunden die Gewissheit, dass Sie vertrauensw\u00fcrdig sind. Mit QA Consultancy kann Quality.One Ihnen dabei helfen, geeignete Anforderungen f\u00fcr die Entwicklung von Weltklasse-Produkten zu finden und einzuhalten.<\/div><\/div><div>\u00a0<\/div><\/div>\t\t\t\t\t\t\t\t<\/div>\n\t\t\t\t<\/div>\n\t\t\t\t\t<\/div>\n\t\t<\/div>\n\t\t\t\t<div class=\"elementor-column elementor-col-50 elementor-top-column elementor-element elementor-element-25340cd\" data-id=\"25340cd\" data-element_type=\"column\" data-e-type=\"column\">\n\t\t\t<div class=\"elementor-widget-wrap\">\n\t\t\t\t\t\t\t<\/div>\n\t\t<\/div>\n\t\t\t\t\t<\/div>\n\t\t<\/section>\n\t\t\t\t<section class=\"elementor-section elementor-top-section elementor-element elementor-element-d486bf8 elementor-section-boxed elementor-section-height-default elementor-section-height-default\" data-id=\"d486bf8\" data-element_type=\"section\" data-e-type=\"section\" data-settings=\"{&quot;jet_parallax_layout_list&quot;:[{&quot;jet_parallax_layout_image&quot;:{&quot;url&quot;:&quot;&quot;,&quot;id&quot;:&quot;&quot;,&quot;size&quot;:&quot;&quot;},&quot;_id&quot;:&quot;d8b603d&quot;,&quot;jet_parallax_layout_image_tablet&quot;:{&quot;url&quot;:&quot;&quot;,&quot;id&quot;:&quot;&quot;,&quot;size&quot;:&quot;&quot;},&quot;jet_parallax_layout_image_mobile&quot;:{&quot;url&quot;:&quot;&quot;,&quot;id&quot;:&quot;&quot;,&quot;size&quot;:&quot;&quot;},&quot;jet_parallax_layout_speed&quot;:{&quot;unit&quot;:&quot;%&quot;,&quot;size&quot;:50,&quot;sizes&quot;:[]},&quot;jet_parallax_layout_type&quot;:&quot;scroll&quot;,&quot;jet_parallax_layout_direction&quot;:&quot;1&quot;,&quot;jet_parallax_layout_fx_direction&quot;:null,&quot;jet_parallax_layout_z_index&quot;:&quot;&quot;,&quot;jet_parallax_layout_bg_x&quot;:50,&quot;jet_parallax_layout_bg_x_tablet&quot;:&quot;&quot;,&quot;jet_parallax_layout_bg_x_mobile&quot;:&quot;&quot;,&quot;jet_parallax_layout_bg_y&quot;:50,&quot;jet_parallax_layout_bg_y_tablet&quot;:&quot;&quot;,&quot;jet_parallax_layout_bg_y_mobile&quot;:&quot;&quot;,&quot;jet_parallax_layout_bg_size&quot;:&quot;auto&quot;,&quot;jet_parallax_layout_bg_size_tablet&quot;:&quot;&quot;,&quot;jet_parallax_layout_bg_size_mobile&quot;:&quot;&quot;,&quot;jet_parallax_layout_animation_prop&quot;:&quot;transform&quot;,&quot;jet_parallax_layout_on&quot;:[&quot;desktop&quot;,&quot;tablet&quot;]}],&quot;background_background&quot;:&quot;classic&quot;}\">\n\t\t\t\t\t\t\t<div class=\"elementor-background-overlay\"><\/div>\n\t\t\t\t\t\t\t<div class=\"elementor-container elementor-column-gap-no\">\n\t\t\t\t\t<div class=\"elementor-column elementor-col-66 elementor-top-column elementor-element elementor-element-eb7f96a\" data-id=\"eb7f96a\" data-element_type=\"column\" data-e-type=\"column\">\n\t\t\t<div class=\"elementor-widget-wrap elementor-element-populated\">\n\t\t\t\t\t\t<div class=\"elementor-element elementor-element-6e92e9d elementor-widget-divider--view-line elementor-widget elementor-widget-divider\" data-id=\"6e92e9d\" data-element_type=\"widget\" data-e-type=\"widget\" data-widget_type=\"divider.default\">\n\t\t\t\t<div class=\"elementor-widget-container\">\n\t\t\t\t\t\t\t<div class=\"elementor-divider\">\n\t\t\t<span class=\"elementor-divider-separator\">\n\t\t\t\t\t\t<\/span>\n\t\t<\/div>\n\t\t\t\t\t\t<\/div>\n\t\t\t\t<\/div>\n\t\t\t\t<div class=\"elementor-element elementor-element-30918f6 elementor-widget elementor-widget-heading\" data-id=\"30918f6\" data-element_type=\"widget\" data-e-type=\"widget\" data-widget_type=\"heading.default\">\n\t\t\t\t<div class=\"elementor-widget-container\">\n\t\t\t\t\t<h2 class=\"elementor-heading-title elementor-size-default\">DER AUDIT PROZESS\n<\/h2>\t\t\t\t<\/div>\n\t\t\t\t<\/div>\n\t\t\t\t<div class=\"elementor-element elementor-element-9f1a198 elementor-widget elementor-widget-text-editor\" data-id=\"9f1a198\" data-element_type=\"widget\" data-e-type=\"widget\" data-widget_type=\"text-editor.default\">\n\t\t\t\t<div class=\"elementor-widget-container\">\n\t\t\t\t\t\t\t\t\t<ul><li>Wir f\u00fchren eine Reihe von Sitzungen mit Stakeholdern und wichtigen Mitgliedern des Produktteams durch, um die aktuelle Situation zu verstehen.<\/li><li>Wir analysieren Prozesse, Werkzeuge und Vorgehensweisen einschlie\u00dflich der Produktartefakte und nutzen dabei unsere jahrelange Erfahrung in der Sicherung der Produktqualit\u00e4t.<\/li><li>Wir liefern eine vollst\u00e4ndige QA-Strategie und Verbesserungsvorschl\u00e4ge f\u00fcr QA-Prozesse, Tools und Testumgebung sowie Vorlagen f\u00fcr kritische Artefakte<\/li><li>Wir verwalten die Strategie und die Umsetzung der Verbesserungen, um sicherzustellen, dass die Ziele erreicht werden.<\/li><\/ul>\t\t\t\t\t\t\t\t<\/div>\n\t\t\t\t<\/div>\n\t\t\t\t\t<\/div>\n\t\t<\/div>\n\t\t\t\t<div class=\"elementor-column elementor-col-33 elementor-top-column elementor-element elementor-element-6b6442f\" data-id=\"6b6442f\" data-element_type=\"column\" data-e-type=\"column\" data-settings=\"{&quot;background_background&quot;:&quot;classic&quot;}\">\n\t\t\t<div class=\"elementor-widget-wrap\">\n\t\t\t\t\t\t\t<\/div>\n\t\t<\/div>\n\t\t\t\t\t<\/div>\n\t\t<\/section>\n\t\t<div class=\"elementor-element elementor-element-f739ca7 e-flex e-con-boxed e-con e-child\" data-id=\"f739ca7\" data-element_type=\"container\" data-e-type=\"container\" data-settings=\"{&quot;jet_parallax_layout_list&quot;:[],&quot;background_background&quot;:&quot;classic&quot;}\">\n\t\t\t\t\t<div class=\"e-con-inner\">\n\t\t\t\t<div class=\"elementor-element elementor-element-e61d11a elementor-widget-divider--view-line elementor-widget elementor-widget-divider\" data-id=\"e61d11a\" data-element_type=\"widget\" data-e-type=\"widget\" data-widget_type=\"divider.default\">\n\t\t\t\t<div class=\"elementor-widget-container\">\n\t\t\t\t\t\t\t<div class=\"elementor-divider\">\n\t\t\t<span class=\"elementor-divider-separator\">\n\t\t\t\t\t\t<\/span>\n\t\t<\/div>\n\t\t\t\t\t\t<\/div>\n\t\t\t\t<\/div>\n\t\t\t\t<div class=\"elementor-element elementor-element-570d3c8 elementor-widget elementor-widget-heading\" data-id=\"570d3c8\" data-element_type=\"widget\" data-e-type=\"widget\" data-widget_type=\"heading.default\">\n\t\t\t\t<div class=\"elementor-widget-container\">\n\t\t\t\t\t<h2 class=\"elementor-heading-title elementor-size-default\">ANGEBOT SCHNELLANFRAGE\n<\/h2>\t\t\t\t<\/div>\n\t\t\t\t<\/div>\n\t\t\t\t<div class=\"elementor-element elementor-element-59244bd elementor-widget elementor-widget-text-editor\" data-id=\"59244bd\" data-element_type=\"widget\" data-e-type=\"widget\" data-widget_type=\"text-editor.default\">\n\t\t\t\t<div class=\"elementor-widget-container\">\n\t\t\t\t\t\t\t\t\t<p>Quality.One bietet Ihnen Erfahrung und Wissen aus zahlreichen Projekten globaler Unternehmen.<\/p><p>Unsere Test Experten besitzen verschiedenartige Kenntnisse in zahlreichen Disziplinen, um eine holistische Testabdeckung hochskalierbarer Industrieanwendungen gew\u00e4hrleisten zu k\u00f6nnen.<\/p>\t\t\t\t\t\t\t\t<\/div>\n\t\t\t\t<\/div>\n\t\t\t\t<div class=\"elementor-element elementor-element-8d76ff0 elementor-align-center elementor-widget elementor-widget-button\" data-id=\"8d76ff0\" data-element_type=\"widget\" data-e-type=\"widget\" data-widget_type=\"button.default\">\n\t\t\t\t<div class=\"elementor-widget-container\">\n\t\t\t\t\t\t\t\t\t<div class=\"elementor-button-wrapper\">\n\t\t\t\t\t<a class=\"elementor-button elementor-button-link elementor-size-sm\" href=\"https:\/\/www.quality.one\/get-an-estimate\/\">\n\t\t\t\t\t\t<span class=\"elementor-button-content-wrapper\">\n\t\t\t\t\t\t<span class=\"elementor-button-icon\">\n\t\t\t\t<svg aria-hidden=\"true\" class=\"e-font-icon-svg e-fas-arrow-right\" viewBox=\"0 0 448 512\" xmlns=\"http:\/\/www.w3.org\/2000\/svg\"><path d=\"M190.5 66.9l22.2-22.2c9.4-9.4 24.6-9.4 33.9 0L441 239c9.4 9.4 9.4 24.6 0 33.9L246.6 467.3c-9.4 9.4-24.6 9.4-33.9 0l-22.2-22.2c-9.5-9.5-9.3-25 .4-34.3L311.4 296H24c-13.3 0-24-10.7-24-24v-32c0-13.3 10.7-24 24-24h287.4L190.9 101.2c-9.8-9.3-10-24.8-.4-34.3z\"><\/path><\/svg>\t\t\t<\/span>\n\t\t\t\t\t\t\t\t\t<span class=\"elementor-button-text\">Jetzt Angebot einholen<\/span>\n\t\t\t\t\t<\/span>\n\t\t\t\t\t<\/a>\n\t\t\t\t<\/div>\n\t\t\t\t\t\t\t\t<\/div>\n\t\t\t\t<\/div>\n\t\t\t\t\t<\/div>\n\t\t\t\t<\/div>\n\t\t\t\t<\/div>\n\t\t","protected":false},"excerpt":{"rendered":"<p>QA CONSULTANCY IHRE EIGENE QUALIT\u00c4TSSICHERUNG OPTIMIEREN QA \u2013 Quality Assurance (Qualit\u00e4tssicherung) ist ein wesentlicher Bestandteil der Produktentwicklung. Qualit\u00e4tssicherung (QS\/ QA) ist der systematische Prozess, mit dem festgestellt wird, ob ein Produkt oder eine Dienstleistung den festgelegten Anforderungen entspricht. Einige Unternehmen verf\u00fcgen \u00fcber keinerlei Tests\/ Qualit\u00e4tssicherung, und hier kommen wir ins Spiel. Quality.One implementiert dies in [&hellip;]<\/p>\n","protected":false},"author":2,"featured_media":0,"parent":3975,"menu_order":0,"comment_status":"closed","ping_status":"closed","template":"","meta":{"footnotes":""},"class_list":["post-2643","page","type-page","status-publish","hentry"],"yoast_head":"<!-- This site is optimized with the Yoast SEO plugin v27.4 - https:\/\/yoast.com\/product\/yoast-seo-wordpress\/ -->\n<title>QA Consultancy \u2013 QA-Strategie &amp; Audit | Quality.One<\/title>\n<meta name=\"description\" content=\"QA Consultancy: Wir auditieren Prozesse, Tools und Artefakte, liefern eine QA-Strategie inkl. Vorlagen und begleiten die Umsetzung.\" \/>\n<meta name=\"robots\" content=\"index, follow, max-snippet:-1, max-image-preview:large, max-video-preview:-1\" \/>\n<link rel=\"canonical\" href=\"https:\/\/www.quality.one\/en\/leistungen\/qa-consultancy\/\" \/>\n<meta property=\"og:locale\" content=\"en_US\" \/>\n<meta property=\"og:type\" content=\"article\" \/>\n<meta property=\"og:title\" content=\"QA Consultancy \u2013 QA-Strategie &amp; Audit | Quality.One\" \/>\n<meta property=\"og:description\" content=\"QA Consultancy: Wir auditieren Prozesse, Tools und Artefakte, liefern eine QA-Strategie inkl. Vorlagen und begleiten die Umsetzung.\" \/>\n<meta property=\"og:url\" content=\"https:\/\/www.quality.one\/en\/leistungen\/qa-consultancy\/\" \/>\n<meta property=\"og:site_name\" content=\"QualityOne\" \/>\n<meta property=\"article:modified_time\" content=\"2026-01-31T15:05:00+00:00\" \/>\n<meta name=\"twitter:card\" content=\"summary_large_image\" \/>\n<meta name=\"twitter:label1\" content=\"Est. reading time\" \/>\n\t<meta name=\"twitter:data1\" content=\"2 minutes\" \/>\n<script type=\"application\/ld+json\" class=\"yoast-schema-graph\">{\"@context\":\"https:\\\/\\\/schema.org\",\"@graph\":[{\"@type\":[\"Article\",\"BlogPosting\"],\"@id\":\"https:\\\/\\\/www.quality.one\\\/leistungen\\\/qa-consultancy\\\/#article\",\"isPartOf\":{\"@id\":\"https:\\\/\\\/www.quality.one\\\/leistungen\\\/qa-consultancy\\\/\"},\"author\":{\"name\":\"Armin Haller\",\"@id\":\"https:\\\/\\\/www.quality.one\\\/#\\\/schema\\\/person\\\/895fbdf1157109b4fd715b895fa28b0f\"},\"headline\":\"QA Consultancy\",\"datePublished\":\"2024-03-24T23:30:30+00:00\",\"dateModified\":\"2026-01-31T15:05:00+00:00\",\"mainEntityOfPage\":{\"@id\":\"https:\\\/\\\/www.quality.one\\\/leistungen\\\/qa-consultancy\\\/\"},\"wordCount\":246,\"publisher\":{\"@id\":\"https:\\\/\\\/www.quality.one\\\/#organization\"},\"inLanguage\":\"en-US\"},{\"@type\":\"WebPage\",\"@id\":\"https:\\\/\\\/www.quality.one\\\/leistungen\\\/qa-consultancy\\\/\",\"url\":\"https:\\\/\\\/www.quality.one\\\/leistungen\\\/qa-consultancy\\\/\",\"name\":\"QA Consultancy \u2013 QA-Strategie & Audit | Quality.One\",\"isPartOf\":{\"@id\":\"https:\\\/\\\/www.quality.one\\\/#website\"},\"datePublished\":\"2024-03-24T23:30:30+00:00\",\"dateModified\":\"2026-01-31T15:05:00+00:00\",\"description\":\"QA Consultancy: Wir auditieren Prozesse, Tools und Artefakte, liefern eine QA-Strategie inkl. Vorlagen und begleiten die Umsetzung.\",\"breadcrumb\":{\"@id\":\"https:\\\/\\\/www.quality.one\\\/leistungen\\\/qa-consultancy\\\/#breadcrumb\"},\"inLanguage\":\"en-US\",\"potentialAction\":[{\"@type\":\"ReadAction\",\"target\":[\"https:\\\/\\\/www.quality.one\\\/leistungen\\\/qa-consultancy\\\/\"]}]},{\"@type\":\"BreadcrumbList\",\"@id\":\"https:\\\/\\\/www.quality.one\\\/leistungen\\\/qa-consultancy\\\/#breadcrumb\",\"itemListElement\":[{\"@type\":\"ListItem\",\"position\":1,\"name\":\"Home\",\"item\":\"https:\\\/\\\/www.quality.one\\\/\"},{\"@type\":\"ListItem\",\"position\":2,\"name\":\"Unsere Leistungen\",\"item\":\"https:\\\/\\\/www.quality.one\\\/leistungen\\\/\"},{\"@type\":\"ListItem\",\"position\":3,\"name\":\"QA Consultancy\"}]},{\"@type\":\"WebSite\",\"@id\":\"https:\\\/\\\/www.quality.one\\\/#website\",\"url\":\"https:\\\/\\\/www.quality.one\\\/\",\"name\":\"QualityOne\",\"description\":\"pure play testing\",\"publisher\":{\"@id\":\"https:\\\/\\\/www.quality.one\\\/#organization\"},\"potentialAction\":[{\"@type\":\"SearchAction\",\"target\":{\"@type\":\"EntryPoint\",\"urlTemplate\":\"https:\\\/\\\/www.quality.one\\\/?s={search_term_string}\"},\"query-input\":{\"@type\":\"PropertyValueSpecification\",\"valueRequired\":true,\"valueName\":\"search_term_string\"}}],\"inLanguage\":\"en-US\"},{\"@type\":\"Organization\",\"@id\":\"https:\\\/\\\/www.quality.one\\\/#organization\",\"name\":\"QualityOne\",\"url\":\"https:\\\/\\\/www.quality.one\\\/\",\"logo\":{\"@type\":\"ImageObject\",\"inLanguage\":\"en-US\",\"@id\":\"https:\\\/\\\/www.quality.one\\\/#\\\/schema\\\/logo\\\/image\\\/\",\"url\":\"https:\\\/\\\/www.quality.one\\\/wp-content\\\/uploads\\\/cropped-Logo-Color-Positive-scaled-1.png\",\"contentUrl\":\"https:\\\/\\\/www.quality.one\\\/wp-content\\\/uploads\\\/cropped-Logo-Color-Positive-scaled-1.png\",\"width\":2558,\"height\":495,\"caption\":\"QualityOne\"},\"image\":{\"@id\":\"https:\\\/\\\/www.quality.one\\\/#\\\/schema\\\/logo\\\/image\\\/\"},\"sameAs\":[\"https:\\\/\\\/www.linkedin.com\\\/company\\\/qualityone-pureplaytesting\",\"https:\\\/\\\/bsky.app\\\/profile\\\/qualityone.bsky.social\"]},{\"@type\":\"Person\",\"@id\":\"https:\\\/\\\/www.quality.one\\\/#\\\/schema\\\/person\\\/895fbdf1157109b4fd715b895fa28b0f\",\"name\":\"Armin Haller\",\"url\":\"https:\\\/\\\/www.quality.one\\\/en\\\/author\\\/ahallerrocketlab-ch\\\/\"}]}<\/script>\n<!-- \/ Yoast SEO plugin. -->","yoast_head_json":{"title":"QA Consultancy \u2013 QA-Strategie & Audit | Quality.One","description":"QA Consultancy: Wir auditieren Prozesse, Tools und Artefakte, liefern eine QA-Strategie inkl. Vorlagen und begleiten die Umsetzung.","robots":{"index":"index","follow":"follow","max-snippet":"max-snippet:-1","max-image-preview":"max-image-preview:large","max-video-preview":"max-video-preview:-1"},"canonical":"https:\/\/www.quality.one\/en\/leistungen\/qa-consultancy\/","og_locale":"en_US","og_type":"article","og_title":"QA Consultancy \u2013 QA-Strategie & Audit | Quality.One","og_description":"QA Consultancy: Wir auditieren Prozesse, Tools und Artefakte, liefern eine QA-Strategie inkl. Vorlagen und begleiten die Umsetzung.","og_url":"https:\/\/www.quality.one\/en\/leistungen\/qa-consultancy\/","og_site_name":"QualityOne","article_modified_time":"2026-01-31T15:05:00+00:00","twitter_card":"summary_large_image","twitter_misc":{"Est. reading time":"2 minutes"},"schema":{"@context":"https:\/\/schema.org","@graph":[{"@type":["Article","BlogPosting"],"@id":"https:\/\/www.quality.one\/leistungen\/qa-consultancy\/#article","isPartOf":{"@id":"https:\/\/www.quality.one\/leistungen\/qa-consultancy\/"},"author":{"name":"Armin Haller","@id":"https:\/\/www.quality.one\/#\/schema\/person\/895fbdf1157109b4fd715b895fa28b0f"},"headline":"QA Consultancy","datePublished":"2024-03-24T23:30:30+00:00","dateModified":"2026-01-31T15:05:00+00:00","mainEntityOfPage":{"@id":"https:\/\/www.quality.one\/leistungen\/qa-consultancy\/"},"wordCount":246,"publisher":{"@id":"https:\/\/www.quality.one\/#organization"},"inLanguage":"en-US"},{"@type":"WebPage","@id":"https:\/\/www.quality.one\/leistungen\/qa-consultancy\/","url":"https:\/\/www.quality.one\/leistungen\/qa-consultancy\/","name":"QA Consultancy \u2013 QA-Strategie & Audit | Quality.One","isPartOf":{"@id":"https:\/\/www.quality.one\/#website"},"datePublished":"2024-03-24T23:30:30+00:00","dateModified":"2026-01-31T15:05:00+00:00","description":"QA Consultancy: Wir auditieren Prozesse, Tools und Artefakte, liefern eine QA-Strategie inkl. Vorlagen und begleiten die Umsetzung.","breadcrumb":{"@id":"https:\/\/www.quality.one\/leistungen\/qa-consultancy\/#breadcrumb"},"inLanguage":"en-US","potentialAction":[{"@type":"ReadAction","target":["https:\/\/www.quality.one\/leistungen\/qa-consultancy\/"]}]},{"@type":"BreadcrumbList","@id":"https:\/\/www.quality.one\/leistungen\/qa-consultancy\/#breadcrumb","itemListElement":[{"@type":"ListItem","position":1,"name":"Home","item":"https:\/\/www.quality.one\/"},{"@type":"ListItem","position":2,"name":"Unsere Leistungen","item":"https:\/\/www.quality.one\/leistungen\/"},{"@type":"ListItem","position":3,"name":"QA Consultancy"}]},{"@type":"WebSite","@id":"https:\/\/www.quality.one\/#website","url":"https:\/\/www.quality.one\/","name":"QualityOne","description":"pure play testing","publisher":{"@id":"https:\/\/www.quality.one\/#organization"},"potentialAction":[{"@type":"SearchAction","target":{"@type":"EntryPoint","urlTemplate":"https:\/\/www.quality.one\/?s={search_term_string}"},"query-input":{"@type":"PropertyValueSpecification","valueRequired":true,"valueName":"search_term_string"}}],"inLanguage":"en-US"},{"@type":"Organization","@id":"https:\/\/www.quality.one\/#organization","name":"QualityOne","url":"https:\/\/www.quality.one\/","logo":{"@type":"ImageObject","inLanguage":"en-US","@id":"https:\/\/www.quality.one\/#\/schema\/logo\/image\/","url":"https:\/\/www.quality.one\/wp-content\/uploads\/cropped-Logo-Color-Positive-scaled-1.png","contentUrl":"https:\/\/www.quality.one\/wp-content\/uploads\/cropped-Logo-Color-Positive-scaled-1.png","width":2558,"height":495,"caption":"QualityOne"},"image":{"@id":"https:\/\/www.quality.one\/#\/schema\/logo\/image\/"},"sameAs":["https:\/\/www.linkedin.com\/company\/qualityone-pureplaytesting","https:\/\/bsky.app\/profile\/qualityone.bsky.social"]},{"@type":"Person","@id":"https:\/\/www.quality.one\/#\/schema\/person\/895fbdf1157109b4fd715b895fa28b0f","name":"Armin Haller","url":"https:\/\/www.quality.one\/en\/author\/ahallerrocketlab-ch\/"}]}},"_links":{"self":[{"href":"https:\/\/www.quality.one\/en\/wp-json\/wp\/v2\/pages\/2643","targetHints":{"allow":["GET"]}}],"collection":[{"href":"https:\/\/www.quality.one\/en\/wp-json\/wp\/v2\/pages"}],"about":[{"href":"https:\/\/www.quality.one\/en\/wp-json\/wp\/v2\/types\/page"}],"author":[{"embeddable":true,"href":"https:\/\/www.quality.one\/en\/wp-json\/wp\/v2\/users\/2"}],"replies":[{"embeddable":true,"href":"https:\/\/www.quality.one\/en\/wp-json\/wp\/v2\/comments?post=2643"}],"version-history":[{"count":0,"href":"https:\/\/www.quality.one\/en\/wp-json\/wp\/v2\/pages\/2643\/revisions"}],"up":[{"embeddable":true,"href":"https:\/\/www.quality.one\/en\/wp-json\/wp\/v2\/pages\/3975"}],"wp:attachment":[{"href":"https:\/\/www.quality.one\/en\/wp-json\/wp\/v2\/media?parent=2643"}],"curies":[{"name":"wp","href":"https:\/\/api.w.org\/{rel}","templated":true}]}}